{"id":5815,"date":"2025-05-13T05:50:04","date_gmt":"2025-05-13T05:50:04","guid":{"rendered":"https:\/\/brandkind.fi\/?page_id=5815"},"modified":"2025-05-27T06:30:15","modified_gmt":"2025-05-27T06:30:15","slug":"tilaa","status":"publish","type":"page","link":"https:\/\/brandkind.fi\/fi\/tilaa\/","title":{"rendered":"Pyyd\u00e4 tarjous"},"content":{"rendered":"\n<p>Pyyd\u00e4 maksuton sparri ja tarjous \u2013 t\u00e4m\u00e4 ei sido sinua viel\u00e4 mihink\u00e4\u00e4n, paitsi hyv\u00e4\u00e4n keskusteluun.<\/p>\n\n\n\n<p><strong><div class='fluentform ff-default fluentform_wrapper_1 ffs_default_wrap'><form data-form_id=\"1\" id=\"fluentform_1\" class=\"frm-fluent-form fluent_form_1 ff-el-form-top ff_form_instance_1_1 ff-form-loading ffs_default\" data-form_instance=\"ff_form_instance_1_1\" method=\"POST\" ><fieldset  style=\"border: none!important;margin: 0!important;padding: 0!important;background-color: transparent!important;box-shadow: none!important;outline: none!important; min-inline-size: 100%;\">\n                    <legend class=\"ff_screen_reader_title\" style=\"display: block; margin: 0!important;padding: 0!important;height: 0!important;text-indent: -999999px;width: 0!important;overflow:hidden;\">Verkkokauppalomake<\/legend><input type='hidden' name='__fluent_form_embded_post_id' value='5815' \/><input type=\"hidden\" id=\"_fluentform_1_fluentformnonce\" name=\"_fluentform_1_fluentformnonce\" value=\"272a8333bb\" \/><input type=\"hidden\" name=\"_wp_http_referer\" value=\"\/fi\/wp-json\/wp\/v2\/pages\/5815\" \/><div class=\"ff-el-group ff-el-section-break  ff_left\" data-name=\"section_break-1_1\" ><h3 class='ff-el-section-title'>Valitsemasi tuote<\/h3><div class='ff-section_break_desk'><\/div><hr \/><\/div><div class='ff-el-group'><div class=\"ff-el-input--label asterisk-right\"><label for='ff_1_organization' id='label_ff_1_organization' aria-label=\"Organisaatiosi tyyppi\">Organisaatiosi tyyppi<\/label><\/div><div class='ff-el-input--content'><input type=\"text\" name=\"organization\" value=\"\" class=\"ff-el-form-control disabled\" data-name=\"organization\" id=\"ff_1_organization\"  aria-invalid=\"false\" aria-required=false><\/div><\/div><div class='ff-el-group'><div class=\"ff-el-input--label asterisk-right\"><label for='ff_1_offering' id='label_ff_1_offering' aria-label=\"Valitun tuotteen nimi\">Valitun tuotteen nimi<\/label><\/div><div class='ff-el-input--content'><input type=\"text\" name=\"offering\" value=\"\" class=\"ff-el-form-control disabled\" data-name=\"offering\" id=\"ff_1_offering\"  aria-invalid=\"false\" aria-required=false><\/div><\/div><div class=\"ff-el-group ff-el-section-break  ff_left\" data-name=\"section_break-1_2\" ><h3 class='ff-el-section-title'>Yhteystietosi<\/h3><div class='ff-section_break_desk'><\/div><hr \/><\/div><div data-type=\"name-element\" data-name=\"names\" class=\" ff-field_container ff-name-field-wrapper\" ><div class='ff-t-container'><div class='ff-t-cell '><div class='ff-el-group'><div class=\"ff-el-input--label asterisk-right\"><label for='ff_1_names_first_name_' id='label_ff_1_names_first_name_' >Etunimi<\/label><\/div><div class='ff-el-input--content'><input type=\"text\" name=\"names[first_name]\" id=\"ff_1_names_first_name_\" class=\"ff-el-form-control\" aria-invalid=\"false\" aria-required=false><\/div><\/div><\/div><div class='ff-t-cell '><div class='ff-el-group'><div class=\"ff-el-input--label asterisk-right\"><label for='ff_1_names_last_name_' id='label_ff_1_names_last_name_' >Sukunimi<\/label><\/div><div class='ff-el-input--content'><input type=\"text\" name=\"names[last_name]\" id=\"ff_1_names_last_name_\" class=\"ff-el-form-control\" aria-invalid=\"false\" aria-required=false><\/div><\/div><\/div><\/div><\/div><div class='ff-el-group'><div class=\"ff-el-input--label asterisk-right\"><label for='ff_1_input_text' id='label_ff_1_input_text' aria-label=\"Organisaatio tai yritys\">Organisaatio tai yritys<\/label><\/div><div class='ff-el-input--content'><input type=\"text\" name=\"input_text\" class=\"ff-el-form-control\" data-name=\"input_text\" id=\"ff_1_input_text\"  aria-invalid=\"false\" aria-required=false><\/div><\/div><div class='ff-el-group'><div class=\"ff-el-input--label asterisk-right\"><label for='ff_1_input_text_1' id='label_ff_1_input_text_1' aria-label=\"Puhelinnumero\">Puhelinnumero<\/label><\/div><div class='ff-el-input--content'><input type=\"text\" name=\"input_text_1\" class=\"ff-el-form-control\" data-name=\"input_text_1\" id=\"ff_1_input_text_1\"  aria-invalid=\"false\" aria-required=false><\/div><\/div><div class='ff-el-group'><div class=\"ff-el-input--label asterisk-right\"><label for='ff_1_email' id='label_ff_1_email' aria-label=\"S\u00e4hk\u00f6posti\">S\u00e4hk\u00f6posti<\/label><\/div><div class='ff-el-input--content'><input type=\"email\" name=\"email\" id=\"ff_1_email\" class=\"ff-el-form-control\" data-name=\"email\"  aria-invalid=\"false\" aria-required=false><\/div><\/div><div class='ff-el-group'><div class=\"ff-el-input--label asterisk-right\"><label for='ff_1_message' id='label_ff_1_message' aria-label=\"Vapaa viesti\">Vapaa viesti<\/label><\/div><div class='ff-el-input--content'><textarea aria-required=\"false\" aria-labelledby=\"label_ff_1_message\" name=\"message\" id=\"ff_1_message\" class=\"ff-el-form-control\" rows=\"4\" cols=\"2\" data-name=\"message\" ><\/textarea><\/div><\/div><div class='ff-el-group ff-text-right ff_submit_btn_wrapper'><button type=\"submit\" class=\"ff-btn ff-btn-submit ff-btn-sm ff_btn_style\"  aria-label=\"L\u00e4het\u00e4\">L\u00e4het\u00e4<\/button><\/div><\/fieldset><\/form><div id='fluentform_1_errors' class='ff-errors-in-stack ff_form_instance_1_1 ff-form-loading_errors ff_form_instance_1_1_errors'><\/div><\/div>            <script type=\"text\/javascript\">\n                window.fluent_form_ff_form_instance_1_1 = {\"id\":\"1\",\"ajaxUrl\":\"https:\\\/\\\/brandkind.fi\\\/wp-admin\\\/admin-ajax.php\",\"settings\":{\"layout\":{\"labelPlacement\":\"top\",\"helpMessagePlacement\":\"with_label\",\"errorMessagePlacement\":\"inline\",\"cssClassName\":\"\",\"asteriskPlacement\":\"asterisk-right\"},\"restrictions\":{\"denyEmptySubmission\":{\"enabled\":false}}},\"form_instance\":\"ff_form_instance_1_1\",\"form_id_selector\":\"fluentform_1\",\"rules\":{\"organization\":{\"required\":{\"value\":false,\"message\":\"This field is required\",\"global_message\":\"This field is required\",\"global\":true}},\"offering\":{\"required\":{\"value\":false,\"message\":\"This field is required\",\"global_message\":\"This field is required\",\"global\":true}},\"names[first_name]\":{\"required\":{\"value\":false,\"message\":\"This field is required\",\"global\":false,\"global_message\":\"This field is required\"}},\"names[middle_name]\":{\"required\":{\"value\":false,\"message\":\"This field is required\",\"global\":false,\"global_message\":\"This field is required\"}},\"names[last_name]\":{\"required\":{\"value\":false,\"message\":\"This field is required\",\"global\":false,\"global_message\":\"This field is required\"}},\"input_text\":{\"required\":{\"value\":false,\"message\":\"This field is required\",\"global_message\":\"This field is required\",\"global\":true}},\"input_text_1\":{\"required\":{\"value\":false,\"message\":\"Puhelinnumero on pakollinen kentt\\u00e4\",\"global_message\":\"This field is required\",\"global\":false}},\"email\":{\"required\":{\"value\":false,\"message\":\"T\\u00e4m\\u00e4 kentt\\u00e4 on pakollinen\",\"global\":false,\"global_message\":\"This field is required\"},\"email\":{\"value\":true,\"message\":\"Ole hyv\\u00e4 ja sy\\u00f6t\\u00e4 oikea s\\u00e4hk\\u00f6postiosoite\",\"global\":false,\"global_message\":\"This field must contain a valid email\"}},\"message\":{\"required\":{\"value\":false,\"message\":\"T\\u00e4m\\u00e4 kentt\\u00e4 on pakollinen\",\"global\":false,\"global_message\":\"This field is required\"}}},\"debounce_time\":300};\n                            <\/script>\n            <\/strong><\/p>\n\n\n\n<p><\/p>\n","protected":false},"excerpt":{"rendered":"<p>Pyyd\u00e4 maksuton sparri ja tarjous \u2013 t\u00e4m\u00e4 ei sido sinua viel\u00e4 mihink\u00e4\u00e4n, paitsi hyv\u00e4\u00e4n keskusteluun. [&#8230;]<\/p>\n<p><a class=\"btn btn-secondary understrap-read-more-link\" href=\"https:\/\/brandkind.fi\/fi\/tilaa\/\">Lue lis\u00e4\u00e4&#8230;<span class=\"screen-reader-text\"> from Pyyd\u00e4 tarjous<\/span><\/a><\/p>\n","protected":false},"author":1,"featured_media":0,"parent":0,"menu_order":0,"comment_status":"closed","ping_status":"closed","template":"","meta":{"_improvement_type_select":"improve_an_existing","_thumb_yes_seoaic":false,"_frame_yes_seoaic":false,"seoaic_generate_description":"","seoaic_improve_instructions_prompt":"","seoaic_rollback_content_improvement":"","seoaic_idea_thumbnail_generator":"","thumbnail_generated":false,"thumbnail_generate_prompt":"","seoaic_article_description":"","_monsterinsights_skip_tracking":false,"_monsterinsights_sitenote_active":false,"_monsterinsights_sitenote_note":"","_monsterinsights_sitenote_category":0,"footnotes":""},"class_list":["post-5815","page","type-page","status-publish","hentry"],"acf":[],"yoast_head":"<!-- This site is optimized with the Yoast SEO plugin v27.4 - https:\/\/yoast.com\/product\/yoast-seo-wordpress\/ -->\n<title>Pyyd\u00e4 tarjous &#8211; Brandkind<\/title>\n<meta name=\"robots\" content=\"index, follow, max-snippet:-1, max-image-preview:large, max-video-preview:-1\" \/>\n<link rel=\"canonical\" href=\"https:\/\/brandkind.fi\/fi\/tilaa\/\" \/>\n<meta property=\"og:locale\" content=\"fi_FI\" \/>\n<meta property=\"og:type\" content=\"article\" \/>\n<meta property=\"og:title\" content=\"Pyyd\u00e4 tarjous &#8211; Brandkind\" \/>\n<meta property=\"og:description\" content=\"Pyyd\u00e4 maksuton sparri ja tarjous \u2013 t\u00e4m\u00e4 ei sido sinua viel\u00e4 mihink\u00e4\u00e4n, paitsi hyv\u00e4\u00e4n keskusteluun. [...]Lue lis\u00e4\u00e4... from Pyyd\u00e4 tarjous\" \/>\n<meta property=\"og:url\" content=\"https:\/\/brandkind.fi\/fi\/tilaa\/\" \/>\n<meta property=\"og:site_name\" content=\"Brandkind\" \/>\n<meta property=\"article:publisher\" content=\"https:\/\/www.facebook.com\/brandkind\/\" \/>\n<meta property=\"article:modified_time\" content=\"2025-05-27T06:30:15+00:00\" \/>\n<meta property=\"og:image\" content=\"https:\/\/brandkind.fi\/wp-content\/uploads\/2024\/01\/Brandkind_slogalogo.png\" \/>\n\t<meta property=\"og:image:width\" content=\"1200\" \/>\n\t<meta property=\"og:image:height\" content=\"631\" \/>\n\t<meta property=\"og:image:type\" content=\"image\/png\" \/>\n<meta name=\"twitter:card\" content=\"summary_large_image\" \/>\n<meta name=\"twitter:label1\" content=\"Arvioitu lukuaika\" \/>\n\t<meta name=\"twitter:data1\" content=\"1 minuutti\" \/>\n<script type=\"application\/ld+json\" class=\"yoast-schema-graph\">{\"@context\":\"https:\\\/\\\/schema.org\",\"@graph\":[{\"@type\":\"WebPage\",\"@id\":\"https:\\\/\\\/brandkind.fi\\\/fi\\\/tilaa\\\/\",\"url\":\"https:\\\/\\\/brandkind.fi\\\/fi\\\/tilaa\\\/\",\"name\":\"Pyyd\u00e4 tarjous &#8211; Brandkind\",\"isPartOf\":{\"@id\":\"https:\\\/\\\/brandkind.fi\\\/#website\"},\"datePublished\":\"2025-05-13T05:50:04+00:00\",\"dateModified\":\"2025-05-27T06:30:15+00:00\",\"breadcrumb\":{\"@id\":\"https:\\\/\\\/brandkind.fi\\\/fi\\\/tilaa\\\/#breadcrumb\"},\"inLanguage\":\"fi\",\"potentialAction\":[{\"@type\":\"ReadAction\",\"target\":[\"https:\\\/\\\/brandkind.fi\\\/fi\\\/tilaa\\\/\"]}]},{\"@type\":\"BreadcrumbList\",\"@id\":\"https:\\\/\\\/brandkind.fi\\\/fi\\\/tilaa\\\/#breadcrumb\",\"itemListElement\":[{\"@type\":\"ListItem\",\"position\":1,\"name\":\"Home\",\"item\":\"https:\\\/\\\/brandkind.fi\\\/fi\\\/\"},{\"@type\":\"ListItem\",\"position\":2,\"name\":\"Pyyd\u00e4 tarjous\"}]},{\"@type\":\"WebSite\",\"@id\":\"https:\\\/\\\/brandkind.fi\\\/#website\",\"url\":\"https:\\\/\\\/brandkind.fi\\\/\",\"name\":\"Brandkind\",\"description\":\"\",\"publisher\":{\"@id\":\"https:\\\/\\\/brandkind.fi\\\/#organization\"},\"potentialAction\":[{\"@type\":\"SearchAction\",\"target\":{\"@type\":\"EntryPoint\",\"urlTemplate\":\"https:\\\/\\\/brandkind.fi\\\/?s={search_term_string}\"},\"query-input\":{\"@type\":\"PropertyValueSpecification\",\"valueRequired\":true,\"valueName\":\"search_term_string\"}}],\"inLanguage\":\"fi\"},{\"@type\":\"Organization\",\"@id\":\"https:\\\/\\\/brandkind.fi\\\/#organization\",\"name\":\"Brandkind\",\"alternateName\":\"Brandkind\",\"url\":\"https:\\\/\\\/brandkind.fi\\\/\",\"logo\":{\"@type\":\"ImageObject\",\"inLanguage\":\"fi\",\"@id\":\"https:\\\/\\\/brandkind.fi\\\/#\\\/schema\\\/logo\\\/image\\\/\",\"url\":\"https:\\\/\\\/brandkind.fi\\\/wp-content\\\/uploads\\\/2023\\\/11\\\/Brandkind-logo-1.png\",\"contentUrl\":\"https:\\\/\\\/brandkind.fi\\\/wp-content\\\/uploads\\\/2023\\\/11\\\/Brandkind-logo-1.png\",\"width\":1680,\"height\":251,\"caption\":\"Brandkind\"},\"image\":{\"@id\":\"https:\\\/\\\/brandkind.fi\\\/#\\\/schema\\\/logo\\\/image\\\/\"},\"sameAs\":[\"https:\\\/\\\/www.facebook.com\\\/brandkind\\\/\",\"https:\\\/\\\/linkedin.com\\\/company\\\/brandkind\"]}]}<\/script>\n<!-- \/ Yoast SEO plugin. -->","yoast_head_json":{"title":"Pyyd\u00e4 tarjous &#8211; Brandkind","robots":{"index":"index","follow":"follow","max-snippet":"max-snippet:-1","max-image-preview":"max-image-preview:large","max-video-preview":"max-video-preview:-1"},"canonical":"https:\/\/brandkind.fi\/fi\/tilaa\/","og_locale":"fi_FI","og_type":"article","og_title":"Pyyd\u00e4 tarjous &#8211; Brandkind","og_description":"Pyyd\u00e4 maksuton sparri ja tarjous \u2013 t\u00e4m\u00e4 ei sido sinua viel\u00e4 mihink\u00e4\u00e4n, paitsi hyv\u00e4\u00e4n keskusteluun. [...]Lue lis\u00e4\u00e4... from Pyyd\u00e4 tarjous","og_url":"https:\/\/brandkind.fi\/fi\/tilaa\/","og_site_name":"Brandkind","article_publisher":"https:\/\/www.facebook.com\/brandkind\/","article_modified_time":"2025-05-27T06:30:15+00:00","og_image":[{"width":1200,"height":631,"url":"https:\/\/brandkind.fi\/wp-content\/uploads\/2024\/01\/Brandkind_slogalogo.png","type":"image\/png"}],"twitter_card":"summary_large_image","twitter_misc":{"Arvioitu lukuaika":"1 minuutti"},"schema":{"@context":"https:\/\/schema.org","@graph":[{"@type":"WebPage","@id":"https:\/\/brandkind.fi\/fi\/tilaa\/","url":"https:\/\/brandkind.fi\/fi\/tilaa\/","name":"Pyyd\u00e4 tarjous &#8211; Brandkind","isPartOf":{"@id":"https:\/\/brandkind.fi\/#website"},"datePublished":"2025-05-13T05:50:04+00:00","dateModified":"2025-05-27T06:30:15+00:00","breadcrumb":{"@id":"https:\/\/brandkind.fi\/fi\/tilaa\/#breadcrumb"},"inLanguage":"fi","potentialAction":[{"@type":"ReadAction","target":["https:\/\/brandkind.fi\/fi\/tilaa\/"]}]},{"@type":"BreadcrumbList","@id":"https:\/\/brandkind.fi\/fi\/tilaa\/#breadcrumb","itemListElement":[{"@type":"ListItem","position":1,"name":"Home","item":"https:\/\/brandkind.fi\/fi\/"},{"@type":"ListItem","position":2,"name":"Pyyd\u00e4 tarjous"}]},{"@type":"WebSite","@id":"https:\/\/brandkind.fi\/#website","url":"https:\/\/brandkind.fi\/","name":"Brandkind","description":"","publisher":{"@id":"https:\/\/brandkind.fi\/#organization"},"potentialAction":[{"@type":"SearchAction","target":{"@type":"EntryPoint","urlTemplate":"https:\/\/brandkind.fi\/?s={search_term_string}"},"query-input":{"@type":"PropertyValueSpecification","valueRequired":true,"valueName":"search_term_string"}}],"inLanguage":"fi"},{"@type":"Organization","@id":"https:\/\/brandkind.fi\/#organization","name":"Brandkind","alternateName":"Brandkind","url":"https:\/\/brandkind.fi\/","logo":{"@type":"ImageObject","inLanguage":"fi","@id":"https:\/\/brandkind.fi\/#\/schema\/logo\/image\/","url":"https:\/\/brandkind.fi\/wp-content\/uploads\/2023\/11\/Brandkind-logo-1.png","contentUrl":"https:\/\/brandkind.fi\/wp-content\/uploads\/2023\/11\/Brandkind-logo-1.png","width":1680,"height":251,"caption":"Brandkind"},"image":{"@id":"https:\/\/brandkind.fi\/#\/schema\/logo\/image\/"},"sameAs":["https:\/\/www.facebook.com\/brandkind\/","https:\/\/linkedin.com\/company\/brandkind"]}]}},"_links":{"self":[{"href":"https:\/\/brandkind.fi\/fi\/wp-json\/wp\/v2\/pages\/5815","targetHints":{"allow":["GET"]}}],"collection":[{"href":"https:\/\/brandkind.fi\/fi\/wp-json\/wp\/v2\/pages"}],"about":[{"href":"https:\/\/brandkind.fi\/fi\/wp-json\/wp\/v2\/types\/page"}],"author":[{"embeddable":true,"href":"https:\/\/brandkind.fi\/fi\/wp-json\/wp\/v2\/users\/1"}],"replies":[{"embeddable":true,"href":"https:\/\/brandkind.fi\/fi\/wp-json\/wp\/v2\/comments?post=5815"}],"version-history":[{"count":11,"href":"https:\/\/brandkind.fi\/fi\/wp-json\/wp\/v2\/pages\/5815\/revisions"}],"predecessor-version":[{"id":5870,"href":"https:\/\/brandkind.fi\/fi\/wp-json\/wp\/v2\/pages\/5815\/revisions\/5870"}],"wp:attachment":[{"href":"https:\/\/brandkind.fi\/fi\/wp-json\/wp\/v2\/media?parent=5815"}],"curies":[{"name":"wp","href":"https:\/\/api.w.org\/{rel}","templated":true}]}}