{"id":5473,"date":"2024-11-22T13:18:49","date_gmt":"2024-11-22T13:18:49","guid":{"rendered":"https:\/\/brandkind.fi\/?page_id=5473"},"modified":"2025-01-28T09:07:18","modified_gmt":"2025-01-28T09:07:18","slug":"digidieetin-uudet-suositukset","status":"publish","type":"page","link":"https:\/\/brandkind.fi\/fi\/digidieetin-uudet-suositukset\/","title":{"rendered":"Digidieetin uudet suositukset"},"content":{"rendered":"\n<div class=\"wp-block-columns digibuffa-intro has-white-color has-text-color has-background has-link-color wp-elements-f80a1b5aef3f4234fbdf09545e1000b2 is-layout-flex wp-container-core-columns-is-layout-9d6595d7 wp-block-columns-is-layout-flex\" style=\"background-color:#000000\">\n<div class=\"wp-block-column is-layout-flow wp-block-column-is-layout-flow\"><div class=\"wp-block-image hero-digibuffa\">\n<figure class=\"aligncenter size-full\"><img loading=\"lazy\" decoding=\"async\" width=\"1526\" height=\"1208\" src=\"https:\/\/brandkind.fi\/wp-content\/uploads\/2024\/11\/BK-digibuffa-img.png\" alt=\"Digimarkkinointi buffa - Digidieetti kuntoon!\" class=\"wp-image-5532\" srcset=\"https:\/\/brandkind.fi\/wp-content\/uploads\/2024\/11\/BK-digibuffa-img.png 1526w, https:\/\/brandkind.fi\/wp-content\/uploads\/2024\/11\/BK-digibuffa-img-300x237.png 300w, https:\/\/brandkind.fi\/wp-content\/uploads\/2024\/11\/BK-digibuffa-img-1024x811.png 1024w, https:\/\/brandkind.fi\/wp-content\/uploads\/2024\/11\/BK-digibuffa-img-768x608.png 768w\" sizes=\"auto, (max-width: 1526px) 100vw, 1526px\" \/><\/figure>\n<\/div><\/div>\n\n\n\n<div class=\"wp-block-column is-vertically-aligned-center is-layout-flow wp-block-column-is-layout-flow\">\n<p class=\"has-base-color has-text-color\" style=\"padding-top:50px;padding-bottom:50px\">Ker\u00e4\u00e4 digibuffasta tasapainoinen annos lis\u00e4arvoa yrityksesi digimarkkinointi -tarpeisiin. Kaikki B2B erikoisruokavaliot huomioidaan valmistuksessa. Tutustu ruokalistaan ja laita tilauksesi sis\u00e4\u00e4n.<\/p>\n<\/div>\n<\/div>\n\n\n\n<div class=\"wp-block-buttons digibuffa-button is-layout-flex wp-block-buttons-is-layout-flex\">\n<div class=\"wp-block-button get-in-touch-circle-about-us\" style=\"text-transform:uppercase\"><a class=\"wp-block-button__link wp-element-button\" href=\"https:\/\/brandkind.fi\/fi\/ota-yhteytta\/\">Ota yhteytt\u00e4<\/a><\/div>\n<\/div>\n\n\n\n<div class=\"wp-block-group digibuffa-teksti\"><div class=\"wp-block-group__inner-container is-layout-constrained wp-block-group-is-layout-constrained\">\n<h2 class=\"wp-block-heading\">Brandkind julkaisi uudet digimarkkinointi -suositukset<\/h2>\n\n\n\n<p>Moderni digimarkkinointi vaatii muutakin kuin kahvia ja energiajuomia ollakseen tehokas. Monipuolinen ja liiketoimintaasi ravitseva ruokavalio koostuu nelj\u00e4n keskeisen aineksen maukkaasta ja tarkkaan tasapainotetusta yhdistelm\u00e4st\u00e4.<br><br>Testaa, onko teid\u00e4n organisaationne digiruokavalio kunnossa. Vastaa mieless\u00e4si kaikkiin kysymyksiin rehellisesti, ole yhteydess\u00e4 asiantuntijoihimme, ja laitetaan digin\u00e4kyvyys ja -markkinointi kerralla kuntoon.<\/p>\n<\/div><\/div>\n\n\n\n<div class=\"wp-block-group digibuffa-tarjoama has-background\" style=\"background-color:#000000\"><div class=\"wp-block-group__inner-container is-layout-constrained wp-block-group-is-layout-constrained\">\n<div class=\"wp-block-columns is-not-stacked-on-mobile is-layout-flex wp-container-core-columns-is-layout-9d6595d7 wp-block-columns-is-layout-flex\">\n<div class=\"wp-block-column is-layout-flow wp-block-column-is-layout-flow\">\n<div class=\"wp-block-columns is-layout-flex wp-container-core-columns-is-layout-9d6595d7 wp-block-columns-is-layout-flex\">\n<div class=\"wp-block-column has-background is-layout-flow wp-block-column-is-layout-flow\" style=\"background-color:#0fff00\">\n<h3 class=\"wp-block-heading\">Brandkind Social Butterfly<\/h3>\n\n\n\n<ul class=\"wp-block-list\">\n<li>Onko teill\u00e4 tavoitteellinen somestrategia?<\/li>\n\n\n\n<li>L\u00f6ytyyk\u00f6 vaikuttavaa videota ja asiantuntijasis\u00e4lt\u00f6\u00e4?<\/li>\n\n\n\n<li>Onhan tuotantoputki ja julkaisukalenteri hanskassa?<\/li>\n<\/ul>\n<\/div>\n\n\n\n<div class=\"wp-block-column has-background is-layout-flow wp-block-column-is-layout-flow\" style=\"background-color:#7d5bf5\">\n<h3 class=\"wp-block-heading\">Brandkind Look Max<\/h3>\n\n\n\n<ul class=\"wp-block-list\">\n<li>Esiintyyk\u00f6 br\u00e4ndisi edukseen verkossa?<\/li>\n\n\n\n<li>Onko laatumielikuva kohdillaan somessa?<\/li>\n\n\n\n<li>Onhan WCAG huomioitu sivustollanne?<\/li>\n<\/ul>\n<\/div>\n<\/div>\n\n\n\n<div class=\"wp-block-columns is-layout-flex wp-container-core-columns-is-layout-9d6595d7 wp-block-columns-is-layout-flex\">\n<div class=\"wp-block-column has-background is-layout-flow wp-block-column-is-layout-flow\" style=\"background-color:#ffa414\">\n<h3 class=\"wp-block-heading\">Brandkind Tech Boost<\/h3>\n\n\n\n<ul class=\"wp-block-list\">\n<li>Onhan saavutettavuus ja turvallisuus kunnossa?<\/li>\n\n\n\n<li>Oletteko hakukoneiden rankingin k\u00e4rkisijoilla?<\/li>\n\n\n\n<li>Ovatko GDPR-asiat varmasti kunnossa?<\/li>\n<\/ul>\n<\/div>\n\n\n\n<div class=\"wp-block-column has-background is-layout-flow wp-block-column-is-layout-flow\" style=\"background-color:#ffd189\">\n<h3 class=\"wp-block-heading\">Brandkind Content Rocket<\/h3>\n\n\n\n<ul class=\"wp-block-list\">\n<li>Onko viestisi kristallinkirkas kaikissa medioissa?<\/li>\n\n\n\n<li>Onhan kaikki kohdeyleis\u00f6t ja polut huomioitu?<\/li>\n\n\n\n<li>Onko sis\u00e4ll\u00f6t SEO-optimoitu huippuunsa?<\/li>\n<\/ul>\n<\/div>\n<\/div>\n<\/div>\n<\/div>\n\n\n\n<div class=\"wp-block-group digibuffa-alateksti\"><div class=\"wp-block-group__inner-container is-layout-constrained wp-block-group-is-layout-constrained\">\n<p class=\"has-white-color has-text-color has-link-color wp-elements-24010237d185164d70e4fa3f5525323c\"><strong>HUOM!<\/strong> Jos vastasit yhteen tai useampaan kysymyksist\u00e4 EI tai EN TIED\u00c4, kannattaa olla yhteydess\u00e4 meihin jo t\u00e4n\u00e4\u00e4n.<\/p>\n\n\n\n<div class=\"wp-block-buttons digibuffa-button is-layout-flex wp-block-buttons-is-layout-flex\">\n<div class=\"wp-block-button get-in-touch-circle-about-us\" style=\"text-transform:uppercase\"><a class=\"wp-block-button__link wp-element-button\" href=\"https:\/\/brandkind.fi\/fi\/ota-yhteytta\/\">Ota yhteytt\u00e4<\/a><\/div>\n<\/div>\n<\/div><\/div>\n<\/div><\/div>\n\n\n\n<p><\/p>\n","protected":false},"excerpt":{"rendered":"<p>Ker\u00e4\u00e4 digibuffasta tasapainoinen annos lis\u00e4arvoa yrityksesi digimarkkinointi -tarpeisiin. Kaikki B2B erikoisruokavaliot huomioidaan valmistuksessa. Tutustu ruokalistaan ja laita tilauksesi sis\u00e4\u00e4n. Brandkind julkaisi uudet digimarkkinointi -suositukset Moderni digimarkkinointi vaatii muutakin kuin kahvia ja energiajuomia ollakseen tehokas. Monipuolinen ja liiketoimintaasi ravitseva ruokavalio koostuu nelj\u00e4n keskeisen aineksen maukkaasta ja tarkkaan tasapainotetusta yhdistelm\u00e4st\u00e4. Testaa, onko teid\u00e4n organisaationne digiruokavalio kunnossa. Vastaa [&#8230;]<\/p>\n<p><a class=\"btn btn-secondary understrap-read-more-link\" href=\"https:\/\/brandkind.fi\/fi\/digidieetin-uudet-suositukset\/\">Lue lis\u00e4\u00e4&#8230;<span class=\"screen-reader-text\"> from Digidieetin uudet suositukset<\/span><\/a><\/p>\n","protected":false},"author":1,"featured_media":0,"parent":0,"menu_order":0,"comment_status":"closed","ping_status":"closed","template":"","meta":{"_improvement_type_select":"improve_an_existing","_thumb_yes_seoaic":false,"_frame_yes_seoaic":false,"seoaic_generate_description":"","seoaic_improve_instructions_prompt":"","seoaic_rollback_content_improvement":"","seoaic_idea_thumbnail_generator":"","thumbnail_generated":false,"thumbnail_generate_prompt":"","seoaic_article_description":"","_monsterinsights_skip_tracking":false,"_monsterinsights_sitenote_active":false,"_monsterinsights_sitenote_note":"","_monsterinsights_sitenote_category":0,"footnotes":""},"class_list":["post-5473","page","type-page","status-publish","hentry"],"acf":[],"yoast_head":"<!-- This site is optimized with the Yoast SEO plugin v27.4 - https:\/\/yoast.com\/product\/yoast-seo-wordpress\/ -->\n<title>Digidieetin uudet digimarkkinointi -suositukset &#8211; Brandkind<\/title>\n<meta name=\"description\" content=\"Ker\u00e4\u00e4 digibuffasta tasapainoinen annos lis\u00e4arvoa yrityksesi digimarkkinointi -tarpeisiin. Tutustu ruokalistaan ja laita tilauksesi sis\u00e4\u00e4n.\" \/>\n<meta name=\"robots\" content=\"index, follow, max-snippet:-1, max-image-preview:large, max-video-preview:-1\" \/>\n<link rel=\"canonical\" href=\"https:\/\/brandkind.fi\/fi\/digidieetin-uudet-suositukset\/\" \/>\n<meta property=\"og:locale\" content=\"fi_FI\" \/>\n<meta property=\"og:type\" content=\"article\" \/>\n<meta property=\"og:title\" content=\"Digidieetin uudet digimarkkinointi -suositukset &#8211; Brandkind\" \/>\n<meta property=\"og:description\" content=\"Ker\u00e4\u00e4 digibuffasta tasapainoinen annos lis\u00e4arvoa yrityksesi digimarkkinointi -tarpeisiin. Tutustu ruokalistaan ja laita tilauksesi sis\u00e4\u00e4n.\" \/>\n<meta property=\"og:url\" content=\"https:\/\/brandkind.fi\/fi\/digidieetin-uudet-suositukset\/\" \/>\n<meta property=\"og:site_name\" content=\"Brandkind\" \/>\n<meta property=\"article:publisher\" content=\"https:\/\/www.facebook.com\/brandkind\/\" \/>\n<meta property=\"article:modified_time\" content=\"2025-01-28T09:07:18+00:00\" \/>\n<meta property=\"og:image\" content=\"https:\/\/brandkind.fi\/wp-content\/uploads\/2024\/11\/BK-digibuffa-img.png\" \/>\n<meta name=\"twitter:card\" content=\"summary_large_image\" \/>\n<meta name=\"twitter:label1\" content=\"Arvioitu lukuaika\" \/>\n\t<meta name=\"twitter:data1\" content=\"1 minuutti\" \/>\n<script type=\"application\/ld+json\" class=\"yoast-schema-graph\">{\"@context\":\"https:\\\/\\\/schema.org\",\"@graph\":[{\"@type\":\"WebPage\",\"@id\":\"https:\\\/\\\/brandkind.fi\\\/fi\\\/digidieetin-uudet-suositukset\\\/\",\"url\":\"https:\\\/\\\/brandkind.fi\\\/fi\\\/digidieetin-uudet-suositukset\\\/\",\"name\":\"Digidieetin uudet digimarkkinointi -suositukset &#8211; Brandkind\",\"isPartOf\":{\"@id\":\"https:\\\/\\\/brandkind.fi\\\/#website\"},\"primaryImageOfPage\":{\"@id\":\"https:\\\/\\\/brandkind.fi\\\/fi\\\/digidieetin-uudet-suositukset\\\/#primaryimage\"},\"image\":{\"@id\":\"https:\\\/\\\/brandkind.fi\\\/fi\\\/digidieetin-uudet-suositukset\\\/#primaryimage\"},\"thumbnailUrl\":\"https:\\\/\\\/brandkind.fi\\\/wp-content\\\/uploads\\\/2024\\\/11\\\/BK-digibuffa-img.png\",\"datePublished\":\"2024-11-22T13:18:49+00:00\",\"dateModified\":\"2025-01-28T09:07:18+00:00\",\"description\":\"Ker\u00e4\u00e4 digibuffasta tasapainoinen annos lis\u00e4arvoa yrityksesi digimarkkinointi -tarpeisiin. Tutustu ruokalistaan ja laita tilauksesi sis\u00e4\u00e4n.\",\"breadcrumb\":{\"@id\":\"https:\\\/\\\/brandkind.fi\\\/fi\\\/digidieetin-uudet-suositukset\\\/#breadcrumb\"},\"inLanguage\":\"fi\",\"potentialAction\":[{\"@type\":\"ReadAction\",\"target\":[\"https:\\\/\\\/brandkind.fi\\\/fi\\\/digidieetin-uudet-suositukset\\\/\"]}]},{\"@type\":\"ImageObject\",\"inLanguage\":\"fi\",\"@id\":\"https:\\\/\\\/brandkind.fi\\\/fi\\\/digidieetin-uudet-suositukset\\\/#primaryimage\",\"url\":\"https:\\\/\\\/brandkind.fi\\\/wp-content\\\/uploads\\\/2024\\\/11\\\/BK-digibuffa-img.png\",\"contentUrl\":\"https:\\\/\\\/brandkind.fi\\\/wp-content\\\/uploads\\\/2024\\\/11\\\/BK-digibuffa-img.png\"},{\"@type\":\"BreadcrumbList\",\"@id\":\"https:\\\/\\\/brandkind.fi\\\/fi\\\/digidieetin-uudet-suositukset\\\/#breadcrumb\",\"itemListElement\":[{\"@type\":\"ListItem\",\"position\":1,\"name\":\"Home\",\"item\":\"https:\\\/\\\/brandkind.fi\\\/fi\\\/\"},{\"@type\":\"ListItem\",\"position\":2,\"name\":\"Digidieetin uudet suositukset\"}]},{\"@type\":\"WebSite\",\"@id\":\"https:\\\/\\\/brandkind.fi\\\/#website\",\"url\":\"https:\\\/\\\/brandkind.fi\\\/\",\"name\":\"Brandkind\",\"description\":\"\",\"publisher\":{\"@id\":\"https:\\\/\\\/brandkind.fi\\\/#organization\"},\"potentialAction\":[{\"@type\":\"SearchAction\",\"target\":{\"@type\":\"EntryPoint\",\"urlTemplate\":\"https:\\\/\\\/brandkind.fi\\\/?s={search_term_string}\"},\"query-input\":{\"@type\":\"PropertyValueSpecification\",\"valueRequired\":true,\"valueName\":\"search_term_string\"}}],\"inLanguage\":\"fi\"},{\"@type\":\"Organization\",\"@id\":\"https:\\\/\\\/brandkind.fi\\\/#organization\",\"name\":\"Brandkind\",\"alternateName\":\"Brandkind\",\"url\":\"https:\\\/\\\/brandkind.fi\\\/\",\"logo\":{\"@type\":\"ImageObject\",\"inLanguage\":\"fi\",\"@id\":\"https:\\\/\\\/brandkind.fi\\\/#\\\/schema\\\/logo\\\/image\\\/\",\"url\":\"https:\\\/\\\/brandkind.fi\\\/wp-content\\\/uploads\\\/2023\\\/11\\\/Brandkind-logo-1.png\",\"contentUrl\":\"https:\\\/\\\/brandkind.fi\\\/wp-content\\\/uploads\\\/2023\\\/11\\\/Brandkind-logo-1.png\",\"width\":1680,\"height\":251,\"caption\":\"Brandkind\"},\"image\":{\"@id\":\"https:\\\/\\\/brandkind.fi\\\/#\\\/schema\\\/logo\\\/image\\\/\"},\"sameAs\":[\"https:\\\/\\\/www.facebook.com\\\/brandkind\\\/\",\"https:\\\/\\\/linkedin.com\\\/company\\\/brandkind\"]}]}<\/script>\n<!-- \/ Yoast SEO plugin. -->","yoast_head_json":{"title":"Digidieetin uudet digimarkkinointi -suositukset &#8211; Brandkind","description":"Ker\u00e4\u00e4 digibuffasta tasapainoinen annos lis\u00e4arvoa yrityksesi digimarkkinointi -tarpeisiin. Tutustu ruokalistaan ja laita tilauksesi sis\u00e4\u00e4n.","robots":{"index":"index","follow":"follow","max-snippet":"max-snippet:-1","max-image-preview":"max-image-preview:large","max-video-preview":"max-video-preview:-1"},"canonical":"https:\/\/brandkind.fi\/fi\/digidieetin-uudet-suositukset\/","og_locale":"fi_FI","og_type":"article","og_title":"Digidieetin uudet digimarkkinointi -suositukset &#8211; Brandkind","og_description":"Ker\u00e4\u00e4 digibuffasta tasapainoinen annos lis\u00e4arvoa yrityksesi digimarkkinointi -tarpeisiin. Tutustu ruokalistaan ja laita tilauksesi sis\u00e4\u00e4n.","og_url":"https:\/\/brandkind.fi\/fi\/digidieetin-uudet-suositukset\/","og_site_name":"Brandkind","article_publisher":"https:\/\/www.facebook.com\/brandkind\/","article_modified_time":"2025-01-28T09:07:18+00:00","og_image":[{"url":"https:\/\/brandkind.fi\/wp-content\/uploads\/2024\/11\/BK-digibuffa-img.png","type":"","width":"","height":""}],"twitter_card":"summary_large_image","twitter_misc":{"Arvioitu lukuaika":"1 minuutti"},"schema":{"@context":"https:\/\/schema.org","@graph":[{"@type":"WebPage","@id":"https:\/\/brandkind.fi\/fi\/digidieetin-uudet-suositukset\/","url":"https:\/\/brandkind.fi\/fi\/digidieetin-uudet-suositukset\/","name":"Digidieetin uudet digimarkkinointi -suositukset &#8211; Brandkind","isPartOf":{"@id":"https:\/\/brandkind.fi\/#website"},"primaryImageOfPage":{"@id":"https:\/\/brandkind.fi\/fi\/digidieetin-uudet-suositukset\/#primaryimage"},"image":{"@id":"https:\/\/brandkind.fi\/fi\/digidieetin-uudet-suositukset\/#primaryimage"},"thumbnailUrl":"https:\/\/brandkind.fi\/wp-content\/uploads\/2024\/11\/BK-digibuffa-img.png","datePublished":"2024-11-22T13:18:49+00:00","dateModified":"2025-01-28T09:07:18+00:00","description":"Ker\u00e4\u00e4 digibuffasta tasapainoinen annos lis\u00e4arvoa yrityksesi digimarkkinointi -tarpeisiin. Tutustu ruokalistaan ja laita tilauksesi sis\u00e4\u00e4n.","breadcrumb":{"@id":"https:\/\/brandkind.fi\/fi\/digidieetin-uudet-suositukset\/#breadcrumb"},"inLanguage":"fi","potentialAction":[{"@type":"ReadAction","target":["https:\/\/brandkind.fi\/fi\/digidieetin-uudet-suositukset\/"]}]},{"@type":"ImageObject","inLanguage":"fi","@id":"https:\/\/brandkind.fi\/fi\/digidieetin-uudet-suositukset\/#primaryimage","url":"https:\/\/brandkind.fi\/wp-content\/uploads\/2024\/11\/BK-digibuffa-img.png","contentUrl":"https:\/\/brandkind.fi\/wp-content\/uploads\/2024\/11\/BK-digibuffa-img.png"},{"@type":"BreadcrumbList","@id":"https:\/\/brandkind.fi\/fi\/digidieetin-uudet-suositukset\/#breadcrumb","itemListElement":[{"@type":"ListItem","position":1,"name":"Home","item":"https:\/\/brandkind.fi\/fi\/"},{"@type":"ListItem","position":2,"name":"Digidieetin uudet suositukset"}]},{"@type":"WebSite","@id":"https:\/\/brandkind.fi\/#website","url":"https:\/\/brandkind.fi\/","name":"Brandkind","description":"","publisher":{"@id":"https:\/\/brandkind.fi\/#organization"},"potentialAction":[{"@type":"SearchAction","target":{"@type":"EntryPoint","urlTemplate":"https:\/\/brandkind.fi\/?s={search_term_string}"},"query-input":{"@type":"PropertyValueSpecification","valueRequired":true,"valueName":"search_term_string"}}],"inLanguage":"fi"},{"@type":"Organization","@id":"https:\/\/brandkind.fi\/#organization","name":"Brandkind","alternateName":"Brandkind","url":"https:\/\/brandkind.fi\/","logo":{"@type":"ImageObject","inLanguage":"fi","@id":"https:\/\/brandkind.fi\/#\/schema\/logo\/image\/","url":"https:\/\/brandkind.fi\/wp-content\/uploads\/2023\/11\/Brandkind-logo-1.png","contentUrl":"https:\/\/brandkind.fi\/wp-content\/uploads\/2023\/11\/Brandkind-logo-1.png","width":1680,"height":251,"caption":"Brandkind"},"image":{"@id":"https:\/\/brandkind.fi\/#\/schema\/logo\/image\/"},"sameAs":["https:\/\/www.facebook.com\/brandkind\/","https:\/\/linkedin.com\/company\/brandkind"]}]}},"_links":{"self":[{"href":"https:\/\/brandkind.fi\/fi\/wp-json\/wp\/v2\/pages\/5473","targetHints":{"allow":["GET"]}}],"collection":[{"href":"https:\/\/brandkind.fi\/fi\/wp-json\/wp\/v2\/pages"}],"about":[{"href":"https:\/\/brandkind.fi\/fi\/wp-json\/wp\/v2\/types\/page"}],"author":[{"embeddable":true,"href":"https:\/\/brandkind.fi\/fi\/wp-json\/wp\/v2\/users\/1"}],"replies":[{"embeddable":true,"href":"https:\/\/brandkind.fi\/fi\/wp-json\/wp\/v2\/comments?post=5473"}],"version-history":[{"count":83,"href":"https:\/\/brandkind.fi\/fi\/wp-json\/wp\/v2\/pages\/5473\/revisions"}],"predecessor-version":[{"id":5629,"href":"https:\/\/brandkind.fi\/fi\/wp-json\/wp\/v2\/pages\/5473\/revisions\/5629"}],"wp:attachment":[{"href":"https:\/\/brandkind.fi\/fi\/wp-json\/wp\/v2\/media?parent=5473"}],"curies":[{"name":"wp","href":"https:\/\/api.w.org\/{rel}","templated":true}]}}