{"id":5270,"date":"2024-10-02T07:18:22","date_gmt":"2024-10-02T07:18:22","guid":{"rendered":"https:\/\/brandkind.fi\/toimintaohjeisto\/"},"modified":"2025-09-04T05:15:20","modified_gmt":"2025-09-04T05:15:20","slug":"toimintaohjeisto","status":"publish","type":"page","link":"https:\/\/brandkind.fi\/fi\/toimintaohjeisto\/","title":{"rendered":"Toimintaohjeisto"},"content":{"rendered":"\n<p><strong>\u00a9 Brandkind<\/strong> 3.9.2025<\/p>\n\n<h2 class=\"wp-block-heading\">Brandkindin toimintaohjeisto<\/h2>\n\n<p>Brandkind sitoutuu toimimaan vastuullisesti ja kest\u00e4v\u00e4sti. Kunnioitamme asiakkaita ja toiminta-alueemme yhteis\u00f6j\u00e4, varmistaen, ett\u00e4 toimintamme on taloudellisesti, ekologisesti ja sosiaalisesti kest\u00e4v\u00e4\u00e4.<\/p>\n\n<h2 class=\"wp-block-heading\">Vastuullinen yritystoiminta<\/h2>\n\n<p>Ty\u00f6skentelemme aktiivisesti sen eteen, ett\u00e4 kaikki k\u00e4yt\u00e4nt\u00f6mme ja toimintamme noudattavat kansallisia ja kansainv\u00e4lisi\u00e4 lakeja, s\u00e4\u00e4d\u00f6ksi\u00e4 ja ohjeistuksia. N\u00e4ihin kuuluvat ty\u00f6ntekij\u00f6iden oikeuksia, ty\u00f6turvallisuutta, ymp\u00e4rist\u00f6lains\u00e4\u00e4d\u00e4nt\u00f6\u00e4, kilpailulains\u00e4\u00e4d\u00e4nt\u00f6\u00e4 ja korruptionvastaisia toimia koskevat lait.<\/p>\n\n<h2 class=\"wp-block-heading\">Rehellisyys ja l\u00e4pin\u00e4kyvyys viestinn\u00e4ss\u00e4<\/h2>\n\n<p>Viestimme rehellisesti ja l\u00e4pin\u00e4kyv\u00e4sti kaikille sidosryhmillemme: omistajille, ty\u00f6ntekij\u00f6ille, asiakkaille, kumppaneille, alihankkijoille ja palveluntarjoajille. Rehellinen viestint\u00e4 tarkoittaa l\u00e4pin\u00e4kyv\u00e4\u00e4, tarkkaa ja oikea-aikaista viestint\u00e4\u00e4.<\/p>\n\n<h2 class=\"wp-block-heading\">Tietojen ja datan turvallisuus<\/h2>\n\n<p>Suojaamme meille annetut luottamukselliset tiedot teknisin ja k\u00e4yt\u00e4nn\u00f6n toimenpitein. Emme k\u00e4yt\u00e4 arkaluonteisia tai luottamuksellisia asiakastietoja omaksi eduksi. Emme luovuta mit\u00e4\u00e4n asiakas- tai projektitietoja kolmansille osapuolille ilman etuk\u00e4teen annettua lupaa. Olemme tietoisia vastuustamme arvoketjussa ja ty\u00f6skentelemme tarkasti tietojen ja datan turvan varmistamiseksi.<\/p>\n\n<h2 class=\"wp-block-heading\">Henkil\u00f6st\u00f6n terveys, turvallisuus ja hyvinvointi<\/h2>\n\n<p>Tiedostamme ty\u00f6nantajana vastuumme ty\u00f6ntekij\u00f6ist\u00e4mme, heid\u00e4n ty\u00f6oloistaan ja n\u00e4iden vaikutuksesta terveyteen, turvallisuuteen ja hyvinvointiin. Tarjoamme ty\u00f6ntekij\u00f6illemme turvallisen ty\u00f6ymp\u00e4rist\u00f6n ja terveyspalvelut paikallisten lakien mukaisesti.<\/p>\n\n<h2 class=\"wp-block-heading\">Tasa-arvo, inklusiivisuus ja ihmisoikeudet<\/h2>\n\n<p>Kunnioitamme kaikkia ihmisi\u00e4 ja varmistamme, ett\u00e4 ty\u00f6ntekij\u00f6it\u00e4, asiakkaita, kumppaneita ja palveluntarjoajia kohdellaan tasa-arvoisesti ja arvokkaasti. Emme harjoita tai hyv\u00e4ksy syrjint\u00e4\u00e4 tai erilaista kohtelua sukupuolen, i\u00e4n, etnisen alkuper\u00e4n, seksuaalisen suuntautumisen tai uskonnollisten vakaumusten perusteella.<\/p>\n\n<h2 class=\"wp-block-heading\">Asiakasvalinnan vastuullisuus<\/h2>\n\n<p>Brandkind tarjoaa aktiivisesti palveluitaan teollisille B2B-yrityksille, jotka noudattavat kest\u00e4v\u00e4\u00e4 ja vastuullista liiketoimintaa. Ihanneasiakkaamme luovat ratkaisuja, jotka edist\u00e4v\u00e4t oman tai asiakastoimialansa kest\u00e4v\u00e4\u00e4 kehityst\u00e4. Brandkind ei tee yhteisty\u00f6t\u00e4 sellaisten tahojen kanssa, jotka liittyv\u00e4t mahdollisesti jakaviin aiheisiin, kuten poliittisiin tai uskonnollisiin (henkisiin) ideologioihin.<\/p>\n\n<p>Jokaisella ty\u00f6ntekij\u00e4ll\u00e4 on kohtuuden rajoissa oikeus kielt\u00e4yty\u00e4 ty\u00f6skentelem\u00e4st\u00e4 asiakkuuden kanssa, joka on voimakkaassa ristiriidassa h\u00e4nen henkil\u00f6kohtaisten arvojensa kanssa.<\/p>\n\n<h2 class=\"wp-block-heading\">Vastuullinen hankinta<\/h2>\n\n<p>Ostamme tuotteita ja palveluita vastuullisesti vain tarpeen mukaan. Otamme huomioon hankintojen ymp\u00e4rist\u00f6vaikutukset ja kannustamme toimittajiamme yht\u00e4 vastuulliseen toimintaan.<\/p>\n\n<h2 class=\"wp-block-heading\">Emme hyv\u00e4ksy lahjontaa miss\u00e4\u00e4n muodossa.<\/h2>\n\n<p>Lahjusten antaminen ja vastaanottaminen on laitonta. Brandkind ja sen henkil\u00f6st\u00f6 eiv\u00e4t osallistu lahjontaan tai muihin rikollisiin tekoihin liiketoiminnan edist\u00e4miseksi.<\/p>\n\n<h2 class=\"wp-block-heading\">Yhteis\u00f6- ja ymp\u00e4rist\u00f6vastuu<\/h2>\n\n<p>Olemme sitoutuneet ymm\u00e4rt\u00e4m\u00e4\u00e4n, v\u00e4hent\u00e4m\u00e4\u00e4n ja est\u00e4m\u00e4\u00e4n toimintamme kielteisi\u00e4 ymp\u00e4rist\u00f6vaikutuksia. Brandkindin toimintaa s\u00e4\u00e4telee ymp\u00e4rist\u00f6politiikka, jonka tavoitteena on v\u00e4hent\u00e4\u00e4 yrityksen suoria ja ep\u00e4suoria ymp\u00e4rist\u00f6vaikutuksia.<\/p>\n\n<h2 class=\"wp-block-heading\">Toimimme yll\u00e4 mainittujen periaatteiden mukaisesti<\/h2>\n\n<p>T\u00e4m\u00e4 toimintaohjeisto m\u00e4\u00e4rittelee eettiset periaatteet, jotka ohjaavat Brandkindin toimintaa. Kaikkien ty\u00f6ntekij\u00f6idemme tulee toimia n\u00e4iden ohjeiden mukaisesti ja ilmoittaa kaikista havaitsemistaan rikkomuksista.<\/p>\n\n<h2 class=\"wp-block-heading\">Vastaamme kaikkiin huolenaiheisiin<\/h2>\n\n<p>Jos huomaat jonkin toimen olevan ristiriidassa n\u00e4iden periaatteiden kanssa tai olet ep\u00e4varma ja tarvitset lis\u00e4tietoa, ota yhteytt\u00e4 Brandkindin toimitusjohtajaan, Marja Peltolaan osoitteessa <a href=\"mailto:marja.peltola@brandkind.fi\">marja.peltola@brandkind.fi<\/a>. Kaikki ilmoitukset k\u00e4sitell\u00e4\u00e4n luottamuksellisesti. Brandkind on sitoutunut ryhtym\u00e4\u00e4n v\u00e4litt\u00f6miin korjaaviin toimiin, jos periaatteita rikotaan.<\/p>\n","protected":false},"excerpt":{"rendered":"<p>\u00a9 Brandkind 3.9.2025 Brandkindin toimintaohjeisto Brandkind sitoutuu toimimaan vastuullisesti ja kest\u00e4v\u00e4sti. Kunnioitamme asiakkaita ja toiminta-alueemme yhteis\u00f6j\u00e4, varmistaen, ett\u00e4 toimintamme on taloudellisesti, ekologisesti ja sosiaalisesti kest\u00e4v\u00e4\u00e4. Vastuullinen yritystoiminta Ty\u00f6skentelemme aktiivisesti sen eteen, ett\u00e4 kaikki k\u00e4yt\u00e4nt\u00f6mme ja toimintamme noudattavat kansallisia ja kansainv\u00e4lisi\u00e4 lakeja, s\u00e4\u00e4d\u00f6ksi\u00e4 ja ohjeistuksia. N\u00e4ihin kuuluvat ty\u00f6ntekij\u00f6iden oikeuksia, ty\u00f6turvallisuutta, ymp\u00e4rist\u00f6lains\u00e4\u00e4d\u00e4nt\u00f6\u00e4, kilpailulains\u00e4\u00e4d\u00e4nt\u00f6\u00e4 ja korruptionvastaisia toimia koskevat [&#8230;]<\/p>\n<p><a class=\"btn btn-secondary understrap-read-more-link\" href=\"https:\/\/brandkind.fi\/fi\/toimintaohjeisto\/\">Lue lis\u00e4\u00e4&#8230;<span class=\"screen-reader-text\"> from Toimintaohjeisto<\/span><\/a><\/p>\n","protected":false},"author":1,"featured_media":0,"parent":0,"menu_order":0,"comment_status":"closed","ping_status":"closed","template":"","meta":{"_improvement_type_select":"improve_an_existing","_thumb_yes_seoaic":false,"_frame_yes_seoaic":false,"seoaic_generate_description":"","seoaic_improve_instructions_prompt":"","seoaic_rollback_content_improvement":"","seoaic_idea_thumbnail_generator":"","thumbnail_generated":false,"thumbnail_generate_prompt":"","seoaic_article_description":"","_monsterinsights_skip_tracking":false,"_monsterinsights_sitenote_active":false,"_monsterinsights_sitenote_note":"","_monsterinsights_sitenote_category":0,"footnotes":""},"class_list":["post-5270","page","type-page","status-publish","hentry"],"acf":[],"yoast_head":"<!-- This site is optimized with the Yoast SEO plugin v27.5 - https:\/\/yoast.com\/product\/yoast-seo-wordpress\/ -->\n<title>Toimintaohjeisto &#8211; Brandkind<\/title>\n<meta name=\"description\" content=\"Brandkind toimii vastuullisesti, priorisoiden kest\u00e4vyytt\u00e4 talouden, ekologian ja yhteiskunnan osa-alueilla, samalla kunnioittaen asiakkaita ja palvelemiamme yhteis\u00f6j\u00e4.\" \/>\n<meta name=\"robots\" content=\"index, follow, max-snippet:-1, max-image-preview:large, max-video-preview:-1\" \/>\n<link rel=\"canonical\" href=\"https:\/\/brandkind.fi\/fi\/toimintaohjeisto\/\" \/>\n<meta property=\"og:locale\" content=\"fi_FI\" \/>\n<meta property=\"og:type\" content=\"article\" \/>\n<meta property=\"og:title\" content=\"Toimintaohjeisto &#8211; Brandkind\" \/>\n<meta property=\"og:description\" content=\"Brandkind toimii vastuullisesti, priorisoiden kest\u00e4vyytt\u00e4 talouden, ekologian ja yhteiskunnan osa-alueilla, samalla kunnioittaen asiakkaita ja palvelemiamme yhteis\u00f6j\u00e4.\" \/>\n<meta property=\"og:url\" content=\"https:\/\/brandkind.fi\/fi\/toimintaohjeisto\/\" \/>\n<meta property=\"og:site_name\" content=\"Brandkind\" \/>\n<meta property=\"article:publisher\" content=\"https:\/\/www.facebook.com\/brandkind\/\" \/>\n<meta property=\"article:modified_time\" content=\"2025-09-04T05:15:20+00:00\" \/>\n<meta property=\"og:image\" content=\"https:\/\/brandkind.fi\/wp-content\/uploads\/2024\/01\/Brandkind_slogalogo.png\" \/>\n\t<meta property=\"og:image:width\" content=\"1200\" \/>\n\t<meta property=\"og:image:height\" content=\"631\" \/>\n\t<meta property=\"og:image:type\" content=\"image\/png\" \/>\n<meta name=\"twitter:card\" content=\"summary_large_image\" \/>\n<meta name=\"twitter:label1\" content=\"Arvioitu lukuaika\" \/>\n\t<meta name=\"twitter:data1\" content=\"2 minuuttia\" \/>\n<script type=\"application\/ld+json\" class=\"yoast-schema-graph\">{\"@context\":\"https:\\\/\\\/schema.org\",\"@graph\":[{\"@type\":\"WebPage\",\"@id\":\"https:\\\/\\\/brandkind.fi\\\/fi\\\/toimintaohjeisto\\\/\",\"url\":\"https:\\\/\\\/brandkind.fi\\\/fi\\\/toimintaohjeisto\\\/\",\"name\":\"Toimintaohjeisto &#8211; Brandkind\",\"isPartOf\":{\"@id\":\"https:\\\/\\\/brandkind.fi\\\/#website\"},\"datePublished\":\"2024-10-02T07:18:22+00:00\",\"dateModified\":\"2025-09-04T05:15:20+00:00\",\"description\":\"Brandkind toimii vastuullisesti, priorisoiden kest\u00e4vyytt\u00e4 talouden, ekologian ja yhteiskunnan osa-alueilla, samalla kunnioittaen asiakkaita ja palvelemiamme yhteis\u00f6j\u00e4.\",\"breadcrumb\":{\"@id\":\"https:\\\/\\\/brandkind.fi\\\/fi\\\/toimintaohjeisto\\\/#breadcrumb\"},\"inLanguage\":\"fi\",\"potentialAction\":[{\"@type\":\"ReadAction\",\"target\":[\"https:\\\/\\\/brandkind.fi\\\/fi\\\/toimintaohjeisto\\\/\"]}]},{\"@type\":\"BreadcrumbList\",\"@id\":\"https:\\\/\\\/brandkind.fi\\\/fi\\\/toimintaohjeisto\\\/#breadcrumb\",\"itemListElement\":[{\"@type\":\"ListItem\",\"position\":1,\"name\":\"Home\",\"item\":\"https:\\\/\\\/brandkind.fi\\\/fi\\\/\"},{\"@type\":\"ListItem\",\"position\":2,\"name\":\"Toimintaohjeisto\"}]},{\"@type\":\"WebSite\",\"@id\":\"https:\\\/\\\/brandkind.fi\\\/#website\",\"url\":\"https:\\\/\\\/brandkind.fi\\\/\",\"name\":\"Brandkind\",\"description\":\"\",\"publisher\":{\"@id\":\"https:\\\/\\\/brandkind.fi\\\/#organization\"},\"potentialAction\":[{\"@type\":\"SearchAction\",\"target\":{\"@type\":\"EntryPoint\",\"urlTemplate\":\"https:\\\/\\\/brandkind.fi\\\/?s={search_term_string}\"},\"query-input\":{\"@type\":\"PropertyValueSpecification\",\"valueRequired\":true,\"valueName\":\"search_term_string\"}}],\"inLanguage\":\"fi\"},{\"@type\":\"Organization\",\"@id\":\"https:\\\/\\\/brandkind.fi\\\/#organization\",\"name\":\"Brandkind\",\"alternateName\":\"Brandkind\",\"url\":\"https:\\\/\\\/brandkind.fi\\\/\",\"logo\":{\"@type\":\"ImageObject\",\"inLanguage\":\"fi\",\"@id\":\"https:\\\/\\\/brandkind.fi\\\/#\\\/schema\\\/logo\\\/image\\\/\",\"url\":\"https:\\\/\\\/brandkind.fi\\\/wp-content\\\/uploads\\\/2023\\\/11\\\/Brandkind-logo-1.png\",\"contentUrl\":\"https:\\\/\\\/brandkind.fi\\\/wp-content\\\/uploads\\\/2023\\\/11\\\/Brandkind-logo-1.png\",\"width\":1680,\"height\":251,\"caption\":\"Brandkind\"},\"image\":{\"@id\":\"https:\\\/\\\/brandkind.fi\\\/#\\\/schema\\\/logo\\\/image\\\/\"},\"sameAs\":[\"https:\\\/\\\/www.facebook.com\\\/brandkind\\\/\",\"https:\\\/\\\/linkedin.com\\\/company\\\/brandkind\"]}]}<\/script>\n<!-- \/ Yoast SEO plugin. -->","yoast_head_json":{"title":"Toimintaohjeisto &#8211; Brandkind","description":"Brandkind toimii vastuullisesti, priorisoiden kest\u00e4vyytt\u00e4 talouden, ekologian ja yhteiskunnan osa-alueilla, samalla kunnioittaen asiakkaita ja palvelemiamme yhteis\u00f6j\u00e4.","robots":{"index":"index","follow":"follow","max-snippet":"max-snippet:-1","max-image-preview":"max-image-preview:large","max-video-preview":"max-video-preview:-1"},"canonical":"https:\/\/brandkind.fi\/fi\/toimintaohjeisto\/","og_locale":"fi_FI","og_type":"article","og_title":"Toimintaohjeisto &#8211; Brandkind","og_description":"Brandkind toimii vastuullisesti, priorisoiden kest\u00e4vyytt\u00e4 talouden, ekologian ja yhteiskunnan osa-alueilla, samalla kunnioittaen asiakkaita ja palvelemiamme yhteis\u00f6j\u00e4.","og_url":"https:\/\/brandkind.fi\/fi\/toimintaohjeisto\/","og_site_name":"Brandkind","article_publisher":"https:\/\/www.facebook.com\/brandkind\/","article_modified_time":"2025-09-04T05:15:20+00:00","og_image":[{"width":1200,"height":631,"url":"https:\/\/brandkind.fi\/wp-content\/uploads\/2024\/01\/Brandkind_slogalogo.png","type":"image\/png"}],"twitter_card":"summary_large_image","twitter_misc":{"Arvioitu lukuaika":"2 minuuttia"},"schema":{"@context":"https:\/\/schema.org","@graph":[{"@type":"WebPage","@id":"https:\/\/brandkind.fi\/fi\/toimintaohjeisto\/","url":"https:\/\/brandkind.fi\/fi\/toimintaohjeisto\/","name":"Toimintaohjeisto &#8211; Brandkind","isPartOf":{"@id":"https:\/\/brandkind.fi\/#website"},"datePublished":"2024-10-02T07:18:22+00:00","dateModified":"2025-09-04T05:15:20+00:00","description":"Brandkind toimii vastuullisesti, priorisoiden kest\u00e4vyytt\u00e4 talouden, ekologian ja yhteiskunnan osa-alueilla, samalla kunnioittaen asiakkaita ja palvelemiamme yhteis\u00f6j\u00e4.","breadcrumb":{"@id":"https:\/\/brandkind.fi\/fi\/toimintaohjeisto\/#breadcrumb"},"inLanguage":"fi","potentialAction":[{"@type":"ReadAction","target":["https:\/\/brandkind.fi\/fi\/toimintaohjeisto\/"]}]},{"@type":"BreadcrumbList","@id":"https:\/\/brandkind.fi\/fi\/toimintaohjeisto\/#breadcrumb","itemListElement":[{"@type":"ListItem","position":1,"name":"Home","item":"https:\/\/brandkind.fi\/fi\/"},{"@type":"ListItem","position":2,"name":"Toimintaohjeisto"}]},{"@type":"WebSite","@id":"https:\/\/brandkind.fi\/#website","url":"https:\/\/brandkind.fi\/","name":"Brandkind","description":"","publisher":{"@id":"https:\/\/brandkind.fi\/#organization"},"potentialAction":[{"@type":"SearchAction","target":{"@type":"EntryPoint","urlTemplate":"https:\/\/brandkind.fi\/?s={search_term_string}"},"query-input":{"@type":"PropertyValueSpecification","valueRequired":true,"valueName":"search_term_string"}}],"inLanguage":"fi"},{"@type":"Organization","@id":"https:\/\/brandkind.fi\/#organization","name":"Brandkind","alternateName":"Brandkind","url":"https:\/\/brandkind.fi\/","logo":{"@type":"ImageObject","inLanguage":"fi","@id":"https:\/\/brandkind.fi\/#\/schema\/logo\/image\/","url":"https:\/\/brandkind.fi\/wp-content\/uploads\/2023\/11\/Brandkind-logo-1.png","contentUrl":"https:\/\/brandkind.fi\/wp-content\/uploads\/2023\/11\/Brandkind-logo-1.png","width":1680,"height":251,"caption":"Brandkind"},"image":{"@id":"https:\/\/brandkind.fi\/#\/schema\/logo\/image\/"},"sameAs":["https:\/\/www.facebook.com\/brandkind\/","https:\/\/linkedin.com\/company\/brandkind"]}]}},"_links":{"self":[{"href":"https:\/\/brandkind.fi\/fi\/wp-json\/wp\/v2\/pages\/5270","targetHints":{"allow":["GET"]}}],"collection":[{"href":"https:\/\/brandkind.fi\/fi\/wp-json\/wp\/v2\/pages"}],"about":[{"href":"https:\/\/brandkind.fi\/fi\/wp-json\/wp\/v2\/types\/page"}],"author":[{"embeddable":true,"href":"https:\/\/brandkind.fi\/fi\/wp-json\/wp\/v2\/users\/1"}],"replies":[{"embeddable":true,"href":"https:\/\/brandkind.fi\/fi\/wp-json\/wp\/v2\/comments?post=5270"}],"version-history":[{"count":2,"href":"https:\/\/brandkind.fi\/fi\/wp-json\/wp\/v2\/pages\/5270\/revisions"}],"predecessor-version":[{"id":5907,"href":"https:\/\/brandkind.fi\/fi\/wp-json\/wp\/v2\/pages\/5270\/revisions\/5907"}],"wp:attachment":[{"href":"https:\/\/brandkind.fi\/fi\/wp-json\/wp\/v2\/media?parent=5270"}],"curies":[{"name":"wp","href":"https:\/\/api.w.org\/{rel}","templated":true}]}}