{"id":5035,"date":"2023-10-31T11:19:58","date_gmt":"2023-10-31T11:19:58","guid":{"rendered":"https:\/\/brandkind.fi\/brandkindin-tietosuojakaytanto\/"},"modified":"2025-09-04T05:14:38","modified_gmt":"2025-09-04T05:14:38","slug":"brandkindin-tietosuojakaytanto","status":"publish","type":"page","link":"https:\/\/brandkind.fi\/fi\/brandkindin-tietosuojakaytanto\/","title":{"rendered":"Brandkindin tietosuojak\u00e4yt\u00e4nt\u00f6"},"content":{"rendered":"\n<p><strong>\u00a9 Brandkind<\/strong> 3.9.2025<\/p>\n\n<p>T\u00e4m\u00e4 tietosuojak\u00e4yt\u00e4nt\u00f6 koskee Brandkindin toimintaa henkil\u00f6tietojen ker\u00e4\u00e4misen, k\u00e4yt\u00f6n ja suojaamisen osalta. Brandkindille on t\u00e4rke\u00e4\u00e4 olla luotettava kumppani sidosryhmilleen, ja t\u00e4h\u00e4n luotettavuuteen kuuluu tietoturvan ja henkil\u00f6tietojen yksityisyyden varmistaminen.<\/p>\n\n<p><\/p>\n\n<h2 class=\"wp-block-heading\">Yritys<\/h2>\n\n<p>Yritys, jota t\u00e4m\u00e4 tietosuojak\u00e4yt\u00e4nt\u00f6 koskee:<\/p>\n\n<p>Brandkind Marketing Communications Finland Oy<br\/>Y-tunnus: 2013458-3<br\/>Osoite: Elim\u00e4enkatu 15 A, 00510 Helsinki, Finland<br\/>Email: <a href=\"mailto:hello@brandkind.fi\">hello@brandkind.fi<\/a><\/p>\n\n<p><\/p>\n\n<h2 class=\"wp-block-heading\">Henkil\u00f6tietojen k\u00e4sittelyn tarkoitus<\/h2>\n\n<p>Brandkind k\u00e4sittelee henkil\u00f6tietoja seuraaviin tarkoituksiin:<\/p>\n\n<div class=\"wp-block-group indented-p\"><div class=\"wp-block-group__inner-container is-layout-constrained wp-block-group-is-layout-constrained\">\n<h3 class=\"wp-block-heading\">Henkil\u00f6st\u00f6hallinto<\/h3>\n\n\n\n<p>Ty\u00f6hallinto, lakis\u00e4\u00e4teisten velvoitteiden noudattaminen ja operatiiviset tarpeet<\/p>\n\n\n\n<h3 class=\"wp-block-heading\">Asiakassuhteiden hallinto<\/h3>\n\n\n\n<p>Asiakkaan tilaamien tai hankkimien palveluiden toimittaminen. Henkil\u00f6tietoja k\u00e4ytet\u00e4\u00e4n my\u00f6s asiakassuhteiden hallintaan ja analysointiin, palveluiden tuottamiseen, liiketoiminnan kehitt\u00e4miseen ja suunnitteluun sek\u00e4 markkinatutkimuksiin ja asiakasviestint\u00e4\u00e4n.<\/p>\n\n\n\n<h3 class=\"wp-block-heading\">Markkinointi<\/h3>\n\n\n\n<p>Brandkind voi k\u00e4ytt\u00e4\u00e4 ker\u00e4\u00e4mi\u00e4\u00e4n henkil\u00f6tietoja markkinointiin, kuten uutiskirjeen l\u00e4hett\u00e4miseen. Henkil\u00f6ll\u00e4 on oikeus peruuttaa suostumus tietojensa k\u00e4ytt\u00f6\u00f6n markkinointitarkoituksissa milloin tahansa k\u00e4ytt\u00e4m\u00e4ll\u00e4 t\u00e4m\u00e4n tietosuojaselosteen yhteystietoja tai valitsemalla markkinointiviestien tarjoama opt-out-vaihtoehto (&#8221;unsubscribe&#8221; -linkki).<\/p>\n<\/div><\/div>\n\n<p>Brandkind ei myy tai luovuta k\u00e4sittelemi\u00e4\u00e4n henkil\u00f6tietoja mist\u00e4\u00e4n syyst\u00e4.<\/p>\n\n<h2 class=\"wp-block-heading\">Ker\u00e4ttyjen henkil\u00f6tietojen luokat ja tyypit<\/h2>\n\n<p>Brandkind ker\u00e4\u00e4 ja k\u00e4sittelee asiakkaiden, mahdollisten asiakkaiden, palveluntarjoajien, ty\u00f6nhakijoiden, ty\u00f6ntekij\u00f6iden, harjoittelijoiden, freelancereiden, verkkosivuk\u00e4vij\u00f6iden sek\u00e4 kolmansien osapuolten, kuten markkinointimateriaaleissa esiintyvien mallien, henkil\u00f6tietoja.<\/p>\n\n<h3 class=\"wp-block-heading\">K\u00e4sittelem\u00e4mme henkil\u00f6tiedot<\/h3>\n\n<p>Alla on katsaus henkil\u00f6tietoihin, joita voimme k\u00e4sitell\u00e4.<\/p>\n\n<div class=\"wp-block-group indented-p\"><div class=\"wp-block-group__inner-container is-layout-constrained wp-block-group-is-layout-constrained\">\n<h4 class=\"wp-block-heading\">Asiakkaat ja palveluntarjoajat:<\/h4>\n\n\n\n<ul class=\"wp-block-list\">\n<li>Yhteystiedot, kuten nimet, osoitteet, puhelinnumerot ja s\u00e4hk\u00f6postit.<\/li>\n\n\n\n<li>Maksutiedot, kuten tilinumerot;<\/li>\n\n\n\n<li>Muut tiedot, joiden k\u00e4sittely on tarpeen lakis\u00e4\u00e4teisen velvoitteen t\u00e4ytt\u00e4miseksi.<\/li>\n<\/ul>\n\n\n\n<h4 class=\"wp-block-heading\">Ty\u00f6ntekij\u00e4t, harjoittelijat ja ty\u00f6nhakijat:<\/h4>\n\n\n\n<ul class=\"wp-block-list\">\n<li>Yhteystiedot, kuten nimet, osoitteet, puhelinnumerot ja s\u00e4hk\u00f6postit.<\/li>\n\n\n\n<li>Ty\u00f6hakemuksesi ja ansioluettelosi tiedot, kuten suoritetut kurssit, koulutukset, harjoittelut ja (tarvittaessa) nykyiset ty\u00f6nantajat.<\/li>\n\n\n\n<li>Tilinumero;<\/li>\n\n\n\n<li>Henkil\u00f6llisyystodistukset;<\/li>\n\n\n\n<li>Muut tiedot, joiden k\u00e4sittely on tarpeen lakis\u00e4\u00e4teisen velvoitteen t\u00e4ytt\u00e4miseksi.<\/li>\n<\/ul>\n\n\n\n<h4 class=\"wp-block-heading\">Kolmannet osapuolet:<\/h4>\n\n\n\n<ul class=\"wp-block-list\">\n<li>Yhteystiedot, kuten nimet, osoitteet, puhelinnumerot ja s\u00e4hk\u00f6postit.<\/li>\n\n\n\n<li>Muut asiakkaiden tai kolmansien osapuolten toimittamat tiedot tai julkisista l\u00e4hteist\u00e4 saadut tiedot.<\/li>\n<\/ul>\n\n\n\n<h4 class=\"wp-block-heading\">Verkkosivuston vierailijat:<\/h4>\n\n\n\n<ul class=\"wp-block-list\">\n<li>Verkkosivuk\u00e4ynnin aikana ker\u00e4tty data, esimerkiksi tiedot, joita k\u00e4sitell\u00e4\u00e4n sivuston vierailijam\u00e4\u00e4rien seurantaan.<\/li>\n<\/ul>\n<\/div><\/div>\n\n<h2 class=\"wp-block-heading\">Kuinka suojaamme henkil\u00f6tietosi<\/h2>\n\n<p>Brandkind soveltaa teknisi\u00e4 ja organisatorisia toimenpiteit\u00e4 turvatakseen henkil\u00f6tietosi tahattomalta tai lainvastaiselta tuhoutumiselta, menetykselt\u00e4, muuttamiselta tai luvattomalta jakelulta tai p\u00e4\u00e4sylt\u00e4. Varmistamme henkil\u00f6st\u00f6mme tietoturvaosaamisen heti ty\u00f6suhteen alusta l\u00e4htien. Tietoturvapolitiikkamme on sitova Brandkindin ty\u00f6ntekij\u00f6ille, kolmansille osapuolille (alihankkijat, kumppanit jne.) sek\u00e4 tietoj\u00e4rjestelm\u00e4toimittajille. Meill\u00e4 tietoturva on jokaisen vastuulla.<\/p>\n\n<h2 class=\"wp-block-heading\">Tietojen siirto EU- tai ETA-alueiden ulkopuolelle<\/h2>\n\n<p>Brandkind voi k\u00e4ytt\u00e4\u00e4 ulkopuolisia palveluntarjoajia tietojenk\u00e4sittelij\u00f6in\u00e4, kuten s\u00e4hk\u00f6postimarkkinointialustaa tai tapaamisvaraussovellusta. N\u00e4m\u00e4 k\u00e4sittelev\u00e4t henkil\u00f6tietoja vain Brandkindin palveluiden tarjoamiseksi. Palveluntarjoajilla ei ole oikeutta k\u00e4ytt\u00e4\u00e4 henkil\u00f6tietoja omiin tarkoituksiinsa.<\/p>\n\n<p>Henkil\u00f6tietoja k\u00e4sitell\u00e4\u00e4n p\u00e4\u00e4osin EU\/ETA-alueella, mutta niit\u00e4 voidaan k\u00e4sitell\u00e4 my\u00f6s EU\/ETA-alueen ulkopuolella. Brandkind siirt\u00e4\u00e4 henkil\u00f6tietojasi EU\/ETA-alueen ulkopuolelle ainoastaan alla kuvattujen oikeudellisten perusteiden mukaisesti.<\/p>\n\n<ul class=\"wp-block-list\">\n<li>Euroopan komissio pit\u00e4\u00e4 vastaanottajamaan tarjoavan riitt\u00e4v\u00e4n suojan henkil\u00f6tiedoillesi;<\/li>\n\n\n\n<li>olemme varmistaneet siirron turvallisuuden soveltamalla Euroopan komission antamia vakiosopimuslausekkeita henkil\u00f6tietojen siirtoon kolmansiin maihin; tai<\/li>\n\n\n\n<li>olet antanut luvan siirtoon, tai siirrolle on muu oikeudellinen peruste sovellettavan tietosuojalains\u00e4\u00e4d\u00e4nn\u00f6n mukaan.<\/li>\n<\/ul>\n\n<h2 class=\"wp-block-heading\">Henkil\u00f6tietojen s\u00e4ilytysaika<\/h2>\n\n<p>Brandkind s\u00e4ilytt\u00e4\u00e4 henkil\u00f6tietosi vain niin pitk\u00e4\u00e4n kuin on tarpeen k\u00e4ytt\u00f6tarkoitusten tai lakis\u00e4\u00e4teisten velvoitteiden t\u00e4ytt\u00e4miseksi. Kun ker\u00e4\u00e4mi\u00e4mme henkil\u00f6tietoja ei en\u00e4\u00e4 tarvita, ne tuhotaan tai poistetaan turvallisesti.<\/p>\n\n<h2 class=\"wp-block-heading\">Rekister\u00f6idyn oikeudet<\/h2>\n\n<p>Tietosuojalains\u00e4\u00e4d\u00e4nt\u00f6 takaa rekister\u00f6idyille useita oikeuksia henkil\u00f6tietojen osalta. Brandkindin palveluiden k\u00e4ytt\u00e4j\u00e4ll\u00e4 on oikeus tarkastaa itsest\u00e4\u00e4n tallennetut henkil\u00f6tiedot. Jos k\u00e4ytt\u00e4j\u00e4n tietojen k\u00e4sittely perustuu suostumukseen, h\u00e4n voi peruuttaa suostumuksensa milloin tahansa.<\/p>\n\n<p>Korjaamme, poistamme tai t\u00e4ydenn\u00e4mme henkil\u00f6tietoja k\u00e4ytt\u00e4j\u00e4n pyynn\u00f6st\u00e4 aina tarvittaessa.<\/p>\n\n<p>K\u00e4ytt\u00e4j\u00e4ll\u00e4 on oikeus tehd\u00e4 valitus valvontaviranomaiselle, jos h\u00e4n kokee, ett\u00e4 Brandkind ei ole k\u00e4sitellyt henkil\u00f6tietojaan sovellettavan tietosuojalains\u00e4\u00e4d\u00e4nn\u00f6n mukaisesti tai jos h\u00e4nen oikeuksiaan koskevia pyynt\u00f6j\u00e4 ei ole toteutettu asianmukaisesti.<\/p>\n\n<h2 class=\"wp-block-heading\">Automaattinen tiedonkeruu<\/h2>\n\n<p>Brandkind hy\u00f6dynt\u00e4\u00e4 yleisi\u00e4 digimarkkinoinnin ty\u00f6kaluja ja menetelmi\u00e4 ker\u00e4t\u00e4kseen tietoa verkkosivustollamme tapahtuvista liikkeist\u00e4si. N\u00e4it\u00e4 tietoja k\u00e4ytet\u00e4\u00e4n sivuston k\u00e4ytett\u00e4vyyden ja sis\u00e4ll\u00f6n parantamiseen, mainonnan kohdistamiseen sek\u00e4 vierailijoiden mielenkiinnon kohteiden kartoittamiseen. Valtaosa tiedoista ker\u00e4t\u00e4\u00e4n ev\u00e4steill\u00e4 (katso alla), eik\u00e4 niit\u00e4 voida yhdist\u00e4\u00e4 yksitt\u00e4iseen henkil\u00f6\u00f6n.<\/p>\n\n<h2 class=\"wp-block-heading\">Brandkindin k\u00e4ytt\u00e4m\u00e4t ev\u00e4steet<\/h2>\n\n<p>K\u00e4yt\u00e4mme ev\u00e4steit\u00e4 verkkosivustollamme. Ev\u00e4steet ovat pieni\u00e4 tekstitiedostoja, jotka selain tallentaa k\u00e4ytt\u00e4j\u00e4n laitteelle. Ev\u00e4steet sis\u00e4lt\u00e4v\u00e4t anonyymin yksil\u00f6llisen tunnisteen, jonka avulla voimme tunnistaa ja laskea eri selaimet, jotka vierailevat sivuillamme.<\/p>\n\n<p>Ker\u00e4\u00e4mme tietoja siit\u00e4, miten ja milloin palveluitamme k\u00e4ytet\u00e4\u00e4n. Tiedot sis\u00e4lt\u00e4v\u00e4t k\u00e4ytt\u00e4j\u00e4n saapumissivun, selausajankohdan, k\u00e4ytetyn selaimen, k\u00e4ytt\u00f6j\u00e4rjestelm\u00e4n sek\u00e4 IP-osoitteet, joita k\u00e4ytet\u00e4\u00e4n palveluidemme analysoimiseksi ja parantamiseksi.<\/p>\n\n<p>Lis\u00e4tietoja Brandkindin verkkosivuston ev\u00e4steist\u00e4 l\u00f6ytyy selaimesi ev\u00e4steasetuksista, joissa voit my\u00f6s hallita niiden k\u00e4ytt\u00f6\u00e4.<\/p>\n\n<h2 class=\"wp-block-heading\">Linkit kolmansien osapuolten verkkosivuille<\/h2>\n\n<p>Brandkindin verkkosivustolla voi ajoittain olla linkkej\u00e4 kolmansien osapuolten sivustoille. N\u00e4ihin linkkeihin sek\u00e4 niihin liittyv\u00e4\u00e4n henkil\u00f6tietojen ker\u00e4\u00e4miseen ja k\u00e4sittelyyn sovelletaan kyseisten osapuolten tietosuojak\u00e4yt\u00e4nt\u00f6j\u00e4.<\/p>\n\n<h2 class=\"wp-block-heading\">Ota yhteytt\u00e4<\/h2>\n\n<p>Jos sinulla on kysytt\u00e4v\u00e4\u00e4 tietosuojak\u00e4yt\u00e4nn\u00f6st\u00e4mme tai huolenaiheita yksityisyytesi suojasta tai henkil\u00f6tietojesi k\u00e4yt\u00f6st\u00e4, ota yhteytt\u00e4 osoitteessa <a href=\"mailto:hello@brandkind.fi\">hello@brandkind.fi<\/a> tai ota yhteytt\u00e4 omaan Brandkind-yhteyshenkil\u00f6\u00f6si.<\/p>\n\n<h2 class=\"wp-block-heading\">Muutokset t\u00e4h\u00e4n Brandkindin tietosuojak\u00e4yt\u00e4nt\u00f6\u00f6n<\/h2>\n\n<p>Tietosuojak\u00e4yt\u00e4nt\u00f6\u00e4 voidaan p\u00e4ivitt\u00e4\u00e4 aika ajoin.<\/p>\n","protected":false},"excerpt":{"rendered":"<p>\u00a9 Brandkind 3.9.2025 T\u00e4m\u00e4 tietosuojak\u00e4yt\u00e4nt\u00f6 koskee Brandkindin toimintaa henkil\u00f6tietojen ker\u00e4\u00e4misen, k\u00e4yt\u00f6n ja suojaamisen osalta. Brandkindille on t\u00e4rke\u00e4\u00e4 olla luotettava kumppani sidosryhmilleen, ja t\u00e4h\u00e4n luotettavuuteen kuuluu tietoturvan ja henkil\u00f6tietojen yksityisyyden varmistaminen. Yritys Yritys, jota t\u00e4m\u00e4 tietosuojak\u00e4yt\u00e4nt\u00f6 koskee: Brandkind Marketing Communications Finland OyY-tunnus: 2013458-3Osoite: Elim\u00e4enkatu 15 A, 00510 Helsinki, FinlandEmail: hello@brandkind.fi Henkil\u00f6tietojen k\u00e4sittelyn tarkoitus Brandkind k\u00e4sittelee henkil\u00f6tietoja [&#8230;]<\/p>\n<p><a class=\"btn btn-secondary understrap-read-more-link\" href=\"https:\/\/brandkind.fi\/fi\/brandkindin-tietosuojakaytanto\/\">Lue lis\u00e4\u00e4&#8230;<span class=\"screen-reader-text\"> from Brandkindin tietosuojak\u00e4yt\u00e4nt\u00f6<\/span><\/a><\/p>\n","protected":false},"author":1,"featured_media":0,"parent":0,"menu_order":0,"comment_status":"closed","ping_status":"open","template":"","meta":{"_improvement_type_select":"improve_an_existing","_thumb_yes_seoaic":false,"_frame_yes_seoaic":false,"seoaic_generate_description":"","seoaic_improve_instructions_prompt":"","seoaic_rollback_content_improvement":"","seoaic_idea_thumbnail_generator":"","thumbnail_generated":false,"thumbnail_generate_prompt":"","seoaic_article_description":"","_monsterinsights_skip_tracking":false,"_monsterinsights_sitenote_active":false,"_monsterinsights_sitenote_note":"","_monsterinsights_sitenote_category":0,"footnotes":""},"class_list":["post-5035","page","type-page","status-publish","hentry"],"acf":[],"yoast_head":"<!-- This site is optimized with the Yoast SEO plugin v27.5 - https:\/\/yoast.com\/product\/yoast-seo-wordpress\/ -->\n<title>Brandkindin tietosuojak\u00e4yt\u00e4nt\u00f6 &#8211; Brandkind<\/title>\n<meta name=\"description\" content=\"T\u00e4m\u00e4 tietosuojak\u00e4yt\u00e4nt\u00f6 koskee Brandkindin toimintaa, joka liittyy henkil\u00f6tietojen ker\u00e4\u00e4miseen, k\u00e4ytt\u00f6\u00f6n ja suojaamiseen.\" \/>\n<meta name=\"robots\" content=\"index, follow, max-snippet:-1, max-image-preview:large, max-video-preview:-1\" \/>\n<link rel=\"canonical\" href=\"https:\/\/brandkind.fi\/fi\/brandkindin-tietosuojakaytanto\/\" \/>\n<meta property=\"og:locale\" content=\"fi_FI\" \/>\n<meta property=\"og:type\" content=\"article\" \/>\n<meta property=\"og:title\" content=\"Brandkindin tietosuojak\u00e4yt\u00e4nt\u00f6 &#8211; Brandkind\" \/>\n<meta property=\"og:description\" content=\"T\u00e4m\u00e4 tietosuojak\u00e4yt\u00e4nt\u00f6 koskee Brandkindin toimintaa, joka liittyy henkil\u00f6tietojen ker\u00e4\u00e4miseen, k\u00e4ytt\u00f6\u00f6n ja suojaamiseen.\" \/>\n<meta property=\"og:url\" content=\"https:\/\/brandkind.fi\/fi\/brandkindin-tietosuojakaytanto\/\" \/>\n<meta property=\"og:site_name\" content=\"Brandkind\" \/>\n<meta property=\"article:publisher\" content=\"https:\/\/www.facebook.com\/brandkind\/\" \/>\n<meta property=\"article:modified_time\" content=\"2025-09-04T05:14:38+00:00\" \/>\n<meta property=\"og:image\" content=\"https:\/\/brandkind.fi\/wp-content\/uploads\/2024\/01\/Brandkind_slogalogo-1024x538.png\" \/>\n<meta name=\"twitter:card\" content=\"summary_large_image\" \/>\n<meta name=\"twitter:label1\" content=\"Arvioitu lukuaika\" \/>\n\t<meta name=\"twitter:data1\" content=\"5 minuuttia\" \/>\n<script type=\"application\/ld+json\" class=\"yoast-schema-graph\">{\"@context\":\"https:\\\/\\\/schema.org\",\"@graph\":[{\"@type\":\"WebPage\",\"@id\":\"https:\\\/\\\/brandkind.fi\\\/fi\\\/brandkindin-tietosuojakaytanto\\\/\",\"url\":\"https:\\\/\\\/brandkind.fi\\\/fi\\\/brandkindin-tietosuojakaytanto\\\/\",\"name\":\"Brandkindin tietosuojak\u00e4yt\u00e4nt\u00f6 &#8211; Brandkind\",\"isPartOf\":{\"@id\":\"https:\\\/\\\/brandkind.fi\\\/#website\"},\"datePublished\":\"2023-10-31T11:19:58+00:00\",\"dateModified\":\"2025-09-04T05:14:38+00:00\",\"description\":\"T\u00e4m\u00e4 tietosuojak\u00e4yt\u00e4nt\u00f6 koskee Brandkindin toimintaa, joka liittyy henkil\u00f6tietojen ker\u00e4\u00e4miseen, k\u00e4ytt\u00f6\u00f6n ja suojaamiseen.\",\"breadcrumb\":{\"@id\":\"https:\\\/\\\/brandkind.fi\\\/fi\\\/brandkindin-tietosuojakaytanto\\\/#breadcrumb\"},\"inLanguage\":\"fi\",\"potentialAction\":[{\"@type\":\"ReadAction\",\"target\":[\"https:\\\/\\\/brandkind.fi\\\/fi\\\/brandkindin-tietosuojakaytanto\\\/\"]}]},{\"@type\":\"BreadcrumbList\",\"@id\":\"https:\\\/\\\/brandkind.fi\\\/fi\\\/brandkindin-tietosuojakaytanto\\\/#breadcrumb\",\"itemListElement\":[{\"@type\":\"ListItem\",\"position\":1,\"name\":\"Home\",\"item\":\"https:\\\/\\\/brandkind.fi\\\/fi\\\/\"},{\"@type\":\"ListItem\",\"position\":2,\"name\":\"Brandkindin tietosuojak\u00e4yt\u00e4nt\u00f6\"}]},{\"@type\":\"WebSite\",\"@id\":\"https:\\\/\\\/brandkind.fi\\\/#website\",\"url\":\"https:\\\/\\\/brandkind.fi\\\/\",\"name\":\"Brandkind\",\"description\":\"\",\"publisher\":{\"@id\":\"https:\\\/\\\/brandkind.fi\\\/#organization\"},\"potentialAction\":[{\"@type\":\"SearchAction\",\"target\":{\"@type\":\"EntryPoint\",\"urlTemplate\":\"https:\\\/\\\/brandkind.fi\\\/?s={search_term_string}\"},\"query-input\":{\"@type\":\"PropertyValueSpecification\",\"valueRequired\":true,\"valueName\":\"search_term_string\"}}],\"inLanguage\":\"fi\"},{\"@type\":\"Organization\",\"@id\":\"https:\\\/\\\/brandkind.fi\\\/#organization\",\"name\":\"Brandkind\",\"alternateName\":\"Brandkind\",\"url\":\"https:\\\/\\\/brandkind.fi\\\/\",\"logo\":{\"@type\":\"ImageObject\",\"inLanguage\":\"fi\",\"@id\":\"https:\\\/\\\/brandkind.fi\\\/#\\\/schema\\\/logo\\\/image\\\/\",\"url\":\"https:\\\/\\\/brandkind.fi\\\/wp-content\\\/uploads\\\/2023\\\/11\\\/Brandkind-logo-1.png\",\"contentUrl\":\"https:\\\/\\\/brandkind.fi\\\/wp-content\\\/uploads\\\/2023\\\/11\\\/Brandkind-logo-1.png\",\"width\":1680,\"height\":251,\"caption\":\"Brandkind\"},\"image\":{\"@id\":\"https:\\\/\\\/brandkind.fi\\\/#\\\/schema\\\/logo\\\/image\\\/\"},\"sameAs\":[\"https:\\\/\\\/www.facebook.com\\\/brandkind\\\/\",\"https:\\\/\\\/linkedin.com\\\/company\\\/brandkind\"]}]}<\/script>\n<!-- \/ Yoast SEO plugin. -->","yoast_head_json":{"title":"Brandkindin tietosuojak\u00e4yt\u00e4nt\u00f6 &#8211; Brandkind","description":"T\u00e4m\u00e4 tietosuojak\u00e4yt\u00e4nt\u00f6 koskee Brandkindin toimintaa, joka liittyy henkil\u00f6tietojen ker\u00e4\u00e4miseen, k\u00e4ytt\u00f6\u00f6n ja suojaamiseen.","robots":{"index":"index","follow":"follow","max-snippet":"max-snippet:-1","max-image-preview":"max-image-preview:large","max-video-preview":"max-video-preview:-1"},"canonical":"https:\/\/brandkind.fi\/fi\/brandkindin-tietosuojakaytanto\/","og_locale":"fi_FI","og_type":"article","og_title":"Brandkindin tietosuojak\u00e4yt\u00e4nt\u00f6 &#8211; Brandkind","og_description":"T\u00e4m\u00e4 tietosuojak\u00e4yt\u00e4nt\u00f6 koskee Brandkindin toimintaa, joka liittyy henkil\u00f6tietojen ker\u00e4\u00e4miseen, k\u00e4ytt\u00f6\u00f6n ja suojaamiseen.","og_url":"https:\/\/brandkind.fi\/fi\/brandkindin-tietosuojakaytanto\/","og_site_name":"Brandkind","article_publisher":"https:\/\/www.facebook.com\/brandkind\/","article_modified_time":"2025-09-04T05:14:38+00:00","og_image":[{"url":"https:\/\/brandkind.fi\/wp-content\/uploads\/2024\/01\/Brandkind_slogalogo-1024x538.png","type":"","width":"","height":""}],"twitter_card":"summary_large_image","twitter_misc":{"Arvioitu lukuaika":"5 minuuttia"},"schema":{"@context":"https:\/\/schema.org","@graph":[{"@type":"WebPage","@id":"https:\/\/brandkind.fi\/fi\/brandkindin-tietosuojakaytanto\/","url":"https:\/\/brandkind.fi\/fi\/brandkindin-tietosuojakaytanto\/","name":"Brandkindin tietosuojak\u00e4yt\u00e4nt\u00f6 &#8211; Brandkind","isPartOf":{"@id":"https:\/\/brandkind.fi\/#website"},"datePublished":"2023-10-31T11:19:58+00:00","dateModified":"2025-09-04T05:14:38+00:00","description":"T\u00e4m\u00e4 tietosuojak\u00e4yt\u00e4nt\u00f6 koskee Brandkindin toimintaa, joka liittyy henkil\u00f6tietojen ker\u00e4\u00e4miseen, k\u00e4ytt\u00f6\u00f6n ja suojaamiseen.","breadcrumb":{"@id":"https:\/\/brandkind.fi\/fi\/brandkindin-tietosuojakaytanto\/#breadcrumb"},"inLanguage":"fi","potentialAction":[{"@type":"ReadAction","target":["https:\/\/brandkind.fi\/fi\/brandkindin-tietosuojakaytanto\/"]}]},{"@type":"BreadcrumbList","@id":"https:\/\/brandkind.fi\/fi\/brandkindin-tietosuojakaytanto\/#breadcrumb","itemListElement":[{"@type":"ListItem","position":1,"name":"Home","item":"https:\/\/brandkind.fi\/fi\/"},{"@type":"ListItem","position":2,"name":"Brandkindin tietosuojak\u00e4yt\u00e4nt\u00f6"}]},{"@type":"WebSite","@id":"https:\/\/brandkind.fi\/#website","url":"https:\/\/brandkind.fi\/","name":"Brandkind","description":"","publisher":{"@id":"https:\/\/brandkind.fi\/#organization"},"potentialAction":[{"@type":"SearchAction","target":{"@type":"EntryPoint","urlTemplate":"https:\/\/brandkind.fi\/?s={search_term_string}"},"query-input":{"@type":"PropertyValueSpecification","valueRequired":true,"valueName":"search_term_string"}}],"inLanguage":"fi"},{"@type":"Organization","@id":"https:\/\/brandkind.fi\/#organization","name":"Brandkind","alternateName":"Brandkind","url":"https:\/\/brandkind.fi\/","logo":{"@type":"ImageObject","inLanguage":"fi","@id":"https:\/\/brandkind.fi\/#\/schema\/logo\/image\/","url":"https:\/\/brandkind.fi\/wp-content\/uploads\/2023\/11\/Brandkind-logo-1.png","contentUrl":"https:\/\/brandkind.fi\/wp-content\/uploads\/2023\/11\/Brandkind-logo-1.png","width":1680,"height":251,"caption":"Brandkind"},"image":{"@id":"https:\/\/brandkind.fi\/#\/schema\/logo\/image\/"},"sameAs":["https:\/\/www.facebook.com\/brandkind\/","https:\/\/linkedin.com\/company\/brandkind"]}]}},"_links":{"self":[{"href":"https:\/\/brandkind.fi\/fi\/wp-json\/wp\/v2\/pages\/5035","targetHints":{"allow":["GET"]}}],"collection":[{"href":"https:\/\/brandkind.fi\/fi\/wp-json\/wp\/v2\/pages"}],"about":[{"href":"https:\/\/brandkind.fi\/fi\/wp-json\/wp\/v2\/types\/page"}],"author":[{"embeddable":true,"href":"https:\/\/brandkind.fi\/fi\/wp-json\/wp\/v2\/users\/1"}],"replies":[{"embeddable":true,"href":"https:\/\/brandkind.fi\/fi\/wp-json\/wp\/v2\/comments?post=5035"}],"version-history":[{"count":2,"href":"https:\/\/brandkind.fi\/fi\/wp-json\/wp\/v2\/pages\/5035\/revisions"}],"predecessor-version":[{"id":5905,"href":"https:\/\/brandkind.fi\/fi\/wp-json\/wp\/v2\/pages\/5035\/revisions\/5905"}],"wp:attachment":[{"href":"https:\/\/brandkind.fi\/fi\/wp-json\/wp\/v2\/media?parent=5035"}],"curies":[{"name":"wp","href":"https:\/\/api.w.org\/{rel}","templated":true}]}}