{"id":4968,"date":"2023-11-14T16:13:01","date_gmt":"2023-11-14T16:13:01","guid":{"rendered":"https:\/\/brandkind.fi\/ota-yhteytta\/"},"modified":"2025-04-08T11:27:56","modified_gmt":"2025-04-08T11:27:56","slug":"ota-yhteytta","status":"publish","type":"page","link":"https:\/\/brandkind.fi\/fi\/ota-yhteytta\/","title":{"rendered":"Ota yhteytt\u00e4"},"content":{"rendered":"\n<div class=\"wp-block-columns alignfull is-layout-flex wp-container-core-columns-is-layout-9d6595d7 wp-block-columns-is-layout-flex\">\n<div class=\"wp-block-column is-layout-flow wp-block-column-is-layout-flow\">\n<div class=\"wp-block-columns alignfull persons-row is-layout-flex wp-container-core-columns-is-layout-9d6595d7 wp-block-columns-is-layout-flex\">\n<div class=\"wp-block-column person-block is-layout-flow wp-block-column-is-layout-flow\">\n<figure class=\"wp-block-image size-full person-image is-style-default\"><img loading=\"lazy\" decoding=\"async\" width=\"500\" height=\"500\" src=\"https:\/\/brandkind.fi\/wp-content\/uploads\/2024\/09\/BK-Marja-Peltola.jpg\" alt=\"\" class=\"wp-image-5041\" style=\"object-fit:cover\" srcset=\"https:\/\/brandkind.fi\/wp-content\/uploads\/2024\/09\/BK-Marja-Peltola.jpg 500w, https:\/\/brandkind.fi\/wp-content\/uploads\/2024\/09\/BK-Marja-Peltola-300x300.jpg 300w, https:\/\/brandkind.fi\/wp-content\/uploads\/2024\/09\/BK-Marja-Peltola-150x150.jpg 150w\" sizes=\"auto, (max-width: 500px) 100vw, 500px\" \/><\/figure>\n\n\n\n<p class=\"has-text-align-center name\">Marja <br class=\"name-break\">Peltola<\/p>\n\n\n\n<p class=\"has-text-align-center\" style=\"text-transform:uppercase\">CEO &amp; new business<\/p>\n\n\n\n<p class=\"has-text-align-center\"><a href=\"tel:+358509109673\" target=\"_blank\" rel=\"noreferrer noopener\">+358 50 910 9673<\/a><\/p>\n\n\n\n<p class=\"has-text-align-center\"><a href=\"mailto:marja.peltola@brandkind.fi\" target=\"_blank\" rel=\"noreferrer noopener\">marja.peltola@brandkind.fi<\/a><\/p>\n<\/div>\n\n\n\n<div class=\"wp-block-column person-block is-layout-flow wp-block-column-is-layout-flow\">\n<figure class=\"wp-block-image size-full person-image\"><img loading=\"lazy\" decoding=\"async\" width=\"500\" height=\"500\" src=\"https:\/\/brandkind.fi\/wp-content\/uploads\/2024\/09\/BK-Niina-Pippuri.jpg\" alt=\"\" class=\"wp-image-5047\" srcset=\"https:\/\/brandkind.fi\/wp-content\/uploads\/2024\/09\/BK-Niina-Pippuri.jpg 500w, https:\/\/brandkind.fi\/wp-content\/uploads\/2024\/09\/BK-Niina-Pippuri-300x300.jpg 300w, https:\/\/brandkind.fi\/wp-content\/uploads\/2024\/09\/BK-Niina-Pippuri-150x150.jpg 150w\" sizes=\"auto, (max-width: 500px) 100vw, 500px\" \/><\/figure>\n\n\n\n<p class=\"has-text-align-center name\">Niina <br class=\"name-break\">Pippuri<\/p>\n\n\n\n<p class=\"has-text-align-center\" style=\"text-transform:uppercase\">COO &amp; accounts<\/p>\n\n\n\n<p class=\"has-text-align-center\"><a href=\"tel:+358407730412\" target=\"_blank\" rel=\"noreferrer noopener\">+358 40 773 0412<\/a><\/p>\n\n\n\n<p class=\"has-text-align-center\"><a href=\"mailto:niina.pippuri@brandkind.fi\" target=\"_blank\" rel=\"noreferrer noopener\">niina.pippuri@brandkind.fi<\/a><\/p>\n<\/div>\n\n\n\n<div class=\"wp-block-column person-block is-layout-flow wp-block-column-is-layout-flow\">\n<figure class=\"wp-block-image size-full person-image is-style-default\"><img loading=\"lazy\" decoding=\"async\" width=\"686\" height=\"686\" src=\"https:\/\/brandkind.fi\/wp-content\/uploads\/2025\/04\/MG_9818-1-edited.jpg\" alt=\"\" class=\"wp-image-5786\" style=\"object-fit:cover\" srcset=\"https:\/\/brandkind.fi\/wp-content\/uploads\/2025\/04\/MG_9818-1-edited.jpg 686w, https:\/\/brandkind.fi\/wp-content\/uploads\/2025\/04\/MG_9818-1-edited-300x300.jpg 300w, https:\/\/brandkind.fi\/wp-content\/uploads\/2025\/04\/MG_9818-1-edited-150x150.jpg 150w\" sizes=\"auto, (max-width: 686px) 100vw, 686px\" \/><\/figure>\n\n\n\n<p class=\"has-text-align-center name\">Marjut V\u00e4\u00e4n\u00e4nen<\/p>\n\n\n\n<p class=\"has-text-align-center\" style=\"text-transform:uppercase\">Project Manager<\/p>\n\n\n\n<p class=\"has-text-align-center\"><a href=\"tel:+358405000947\" target=\"_blank\" rel=\"noreferrer noopener\">+358 40 500 0947<\/a><\/p>\n\n\n\n<p class=\"has-text-align-center\"><a href=\"mailto:marjut.vaananen@brandkind.fi\" target=\"_blank\" rel=\"noreferrer noopener\">marjut.vaananen@brandkind.fi<\/a><\/p>\n<\/div>\n<\/div>\n\n\n\n<div class=\"wp-block-columns alignfull persons-row is-layout-flex wp-container-core-columns-is-layout-9d6595d7 wp-block-columns-is-layout-flex\">\n<div class=\"wp-block-column person-block is-layout-flow wp-block-column-is-layout-flow\">\n<figure class=\"wp-block-image size-full person-image\"><img loading=\"lazy\" decoding=\"async\" width=\"500\" height=\"500\" src=\"https:\/\/brandkind.fi\/wp-content\/uploads\/2024\/09\/BK-Marko-Mannonen.jpg\" alt=\"\" class=\"wp-image-5045\" srcset=\"https:\/\/brandkind.fi\/wp-content\/uploads\/2024\/09\/BK-Marko-Mannonen.jpg 500w, https:\/\/brandkind.fi\/wp-content\/uploads\/2024\/09\/BK-Marko-Mannonen-300x300.jpg 300w, https:\/\/brandkind.fi\/wp-content\/uploads\/2024\/09\/BK-Marko-Mannonen-150x150.jpg 150w\" sizes=\"auto, (max-width: 500px) 100vw, 500px\" \/><\/figure>\n\n\n\n<p class=\"has-text-align-center name\">Marko Mannonen<\/p>\n\n\n\n<p class=\"has-text-align-center\" style=\"text-transform:uppercase\">Digital Lead<\/p>\n\n\n\n<p class=\"has-text-align-center\"><a href=\"mailto:marko.mannonen@brandkind.fi\" target=\"_blank\" rel=\"noreferrer noopener\">marko.mannonen@brandkind.fi<\/a><\/p>\n<\/div>\n\n\n\n<div class=\"wp-block-column person-block is-layout-flow wp-block-column-is-layout-flow\">\n<figure class=\"wp-block-image size-full person-image\"><img loading=\"lazy\" decoding=\"async\" width=\"500\" height=\"500\" src=\"https:\/\/brandkind.fi\/wp-content\/uploads\/2024\/09\/BK-Petri-Laine.jpg\" alt=\"\" class=\"wp-image-5049\" srcset=\"https:\/\/brandkind.fi\/wp-content\/uploads\/2024\/09\/BK-Petri-Laine.jpg 500w, https:\/\/brandkind.fi\/wp-content\/uploads\/2024\/09\/BK-Petri-Laine-300x300.jpg 300w, https:\/\/brandkind.fi\/wp-content\/uploads\/2024\/09\/BK-Petri-Laine-150x150.jpg 150w\" sizes=\"auto, (max-width: 500px) 100vw, 500px\" \/><\/figure>\n\n\n\n<p class=\"has-text-align-center name\">Petri Laine<\/p>\n\n\n\n<p class=\"has-text-align-center\" style=\"text-transform:uppercase\">Strategy Lead<\/p>\n\n\n\n<p class=\"has-text-align-center\"><a href=\"mailto:petri.laine@brandkind.fi\" target=\"_blank\" rel=\"noreferrer noopener\">petri.laine@brandkind.fi<\/a><\/p>\n<\/div>\n\n\n\n<div class=\"wp-block-column person-block is-layout-flow wp-block-column-is-layout-flow\">\n<p class=\"has-text-align-center name\"><\/p>\n<\/div>\n<\/div>\n<\/div>\n<\/div>\n\n\n\n<div class=\"wp-block-columns alignfull visit-us has-white-color has-text-color has-background has-link-color wp-elements-d2eabaafa496568c806ae712b64b7269 is-layout-flex wp-container-core-columns-is-layout-9d6595d7 wp-block-columns-is-layout-flex\" style=\"background-color:#000000\">\n<div class=\"wp-block-column is-layout-flow wp-block-column-is-layout-flow\">\n<div style=\"height:25px\" aria-hidden=\"true\" class=\"wp-block-spacer\"><\/div>\n\n\n\n<h2 class=\"wp-block-heading\">Tule k\u00e4ym\u00e4\u00e4n!<\/h2>\n\n\n\n<p class=\"address\">Elim\u00e4enkatu 15 A, FI-00510 Helsinki, Finland<\/p>\n\n\n\n<div style=\"height:50px\" aria-hidden=\"true\" class=\"wp-block-spacer visit-us-spacer\"><\/div>\n\n\n\n<div class=\"wp-block-columns are-vertically-aligned-top is-not-stacked-on-mobile is-layout-flex wp-container-core-columns-is-layout-9d6595d7 wp-block-columns-is-layout-flex\">\n<div class=\"wp-block-column is-vertically-aligned-top contac-us-b-icons is-layout-flow wp-block-column-is-layout-flow\" style=\"flex-basis:33.33%\">\n<figure class=\"wp-block-image size-full contact-b-icon\"><img loading=\"lazy\" decoding=\"async\" width=\"428\" height=\"427\" src=\"https:\/\/brandkind.fi\/wp-content\/uploads\/2023\/11\/BK-B-icon-purple.png\" alt=\"\" class=\"wp-image-336\" srcset=\"https:\/\/brandkind.fi\/wp-content\/uploads\/2023\/11\/BK-B-icon-purple.png 428w, https:\/\/brandkind.fi\/wp-content\/uploads\/2023\/11\/BK-B-icon-purple-300x300.png 300w, https:\/\/brandkind.fi\/wp-content\/uploads\/2023\/11\/BK-B-icon-purple-150x150.png 150w\" sizes=\"auto, (max-width: 428px) 100vw, 428px\" \/><\/figure>\n\n\n\n<figure class=\"wp-block-image size-full contact-b-icon\"><img loading=\"lazy\" decoding=\"async\" width=\"428\" height=\"427\" src=\"https:\/\/brandkind.fi\/wp-content\/uploads\/2023\/11\/BK-B-icon-orange-2.png\" alt=\"\" class=\"wp-image-332\" srcset=\"https:\/\/brandkind.fi\/wp-content\/uploads\/2023\/11\/BK-B-icon-orange-2.png 428w, https:\/\/brandkind.fi\/wp-content\/uploads\/2023\/11\/BK-B-icon-orange-2-300x300.png 300w, https:\/\/brandkind.fi\/wp-content\/uploads\/2023\/11\/BK-B-icon-orange-2-150x150.png 150w\" sizes=\"auto, (max-width: 428px) 100vw, 428px\" \/><\/figure>\n\n\n\n<figure class=\"wp-block-image size-full contact-b-icon\"><img loading=\"lazy\" decoding=\"async\" width=\"428\" height=\"427\" src=\"https:\/\/brandkind.fi\/wp-content\/uploads\/2023\/11\/BK-B-icon-green.png\" alt=\"\" class=\"wp-image-330\" srcset=\"https:\/\/brandkind.fi\/wp-content\/uploads\/2023\/11\/BK-B-icon-green.png 428w, https:\/\/brandkind.fi\/wp-content\/uploads\/2023\/11\/BK-B-icon-green-300x300.png 300w, https:\/\/brandkind.fi\/wp-content\/uploads\/2023\/11\/BK-B-icon-green-150x150.png 150w\" sizes=\"auto, (max-width: 428px) 100vw, 428px\" \/><\/figure>\n<\/div>\n\n\n\n<div class=\"wp-block-column is-vertically-aligned-top location is-layout-flow wp-block-column-is-layout-flow\" style=\"flex-basis:66.66%\">\n<style type=\"text\/css\">\n.acf-map {\n\twidth: 100%;\n\theight: 35vw;\n\tmin-height: 400px;\n\tborder: none;\n\t}\n\n\/\/ Fixes potential theme css conflict.\n.acf-map img {\n\tmax-width: inherit !important;\n\t}\n<\/style>\n<script src=\"https:\/\/maps.googleapis.com\/maps\/api\/js?key=AIzaSyC_LA3ZOv6v-CQxNU7amxEd8zk5Pw-ZsA4\">\n<\/script>\n\t\t\t\t\n<script type=\"text\/javascript\">\n\t\t\t\t\n\t(function( $ ) {\n\t\t\/**\n\t\t* initMap\n\t\t*\n\t\t* Renders a Google Map onto the selected jQuery element\n\t\t*\n\t\t* @date    22\/10\/19\n\t\t* @since   5.8.6\n\t\t*\n\t\t* @param   jQuery $el The jQuery element.\n\t\t* @return  object The map instance.\n\t\t*\/\n\t\t\n\t\tfunction initMap( $el ) {\n\n\t\t\/\/ Find marker elements within map.\n\t\tvar $markers = $el.find('.marker');\n\n\t\t\/\/ Create gerenic map.\n\t\tvar mapArgs = {\n\t\tzoom        : $el.data('zoom') || 16,\n\t\tmapTypeId   : google.maps.MapTypeId.ROADMAP\n\t\t};\n\t\t\t\t\t\n\t\tvar map = new google.maps.Map( $el[0], mapArgs );\n\n\t\t\/\/ Add markers.\n\t\tmap.markers = [];\n\t\t$markers.each(function(){\n\t\tinitMarker( $(this), map );\n\t\t});\n\n\t\t\/\/ Center map based on markers.\n\t\tcenterMap( map );\n\n\t\t\/\/ Return map instance.\n\t\treturn map;\n\t\t}\n\n\t\t\/**\n\t\t* initMarker\n\t\t*\n\t\t* Creates a marker for the given jQuery element and map.\n\t\t*\n\t\t* @date    22\/10\/19\n\t\t* @since   5.8.6\n\t\t*\n\t\t* @param   jQuery $el The jQuery element.\n\t\t* @param   object The map instance.\n\t\t* @return  object The marker instance.\n\t\t*\/\n\t\tfunction initMarker( $marker, map ) {\n\n\t\t\/\/ Get position from marker.\n\t\tvar lat = $marker.data('lat');\n\t\tvar lng = $marker.data('lng');\n\t\tvar latLng = {\n\t\tlat: parseFloat( lat ),\n\t\tlng: parseFloat( lng )\n\t\t};\n\n\t\t\/\/ Create marker instance.\n\t\tvar marker = new google.maps.Marker({\n\t\tposition : latLng,\n\t\tmap: map\n\t\t});\n\n\t\t\/\/ Append to reference for later use.\n\t\tmap.markers.push( marker );\n\n\t\t\/\/ If marker contains HTML, add it to an infoWindow.\n\t\tif( $marker.html() ){\n\n\t\t\/\/ Create info window.\n\t\tvar infowindow = new google.maps.InfoWindow({\n\t\tcontent: $marker.html()\n\t\t});\n\n\t\t\/\/ Show info window when marker is clicked.\n\t\t\t\t\tgoogle.maps.event.addListener(marker, 'click', function() {\n\t\t\t\t\t\t\t\t\t\t\tinfowindow.open( map, marker );\n\t\t\t\t\t\t});\n\t\t\t\t\t}\n\t\t\t\t}\n\n\t\t\t\t\/**\n\t\t\t\t* centerMap\n\t\t\t\t*\n\t\t\t\t* Centers the map showing all markers in view.\n\t\t\t\t*\n\t\t\t\t* @date    22\/10\/19\n\t\t\t\t* @since   5.8.6\n\t\t\t\t*\n\t\t\t\t* @param   object The map instance.\n\t\t\t\t* @return  void\n\t\t\t\t*\/\n\t\t\t\tfunction centerMap( map ) {\n\n\t\t\t\t\t\/\/ Create map boundaries from all map markers.\n\t\t\t\t\tvar bounds = new google.maps.LatLngBounds();\n\t\t\t\t\tmap.markers.forEach(function( marker ){\n\t\t\t\t\t\tbounds.extend({\n\t\t\t\t\t\t\tlat: marker.position.lat(),\n\t\t\t\t\t\t\tlng: marker.position.lng()\n\t\t\t\t\t\t});\n\t\t\t\t\t});\n\n\t\t\t\t\t\/\/ Case: Single marker.\n\t\t\t\t\tif( map.markers.length == 1 ){\n\t\t\t\t\t\tmap.setCenter( bounds.getCenter() );\n\n\t\t\t\t\t\/\/ Case: Multiple markers.\n\t\t\t\t\t} else{\n\t\t\t\t\t\tmap.fitBounds( bounds );\n\t\t\t\t\t}\n\t\t\t\t}\n\n\t\t\t\t\/\/ Render maps on page load.\n\t\t\t\tjQuery(document).ready(function(){\n\t\t\t\t\tjQuery('.acf-map').each(function(){\n\t\t\t\t\t\tvar map = initMap( jQuery(this) );\n\t\t\t\t\t});\n\t\t\t\t});\n\n\t\t\t\t})(jQuery);\n\t\t\t\t<\/script>\n\n\t\t\t\t\t\t\t\t\t<div class=\"mt-5 acf-map\" data-zoom=\"14\">\n\t\t\t\t\t\t<div class=\"marker\" data-lat=\"60.194514\" data-lng=\"24.949718\"><\/div>\n\t<\/div>\n<!-- Public transportation guide -->\n\t<div class=\"public-transport\">\n\t\t<h4>Saavu meille julkisella liikenteell\u00e4<\/h4>\n\n\t\t<p class=\"public-transport-text\">RAITIOVAUNU:<br\/>\n\t\tLinja 9 (50 m), 2 min k\u00e4vely<br\/>\n\t\tLinjat 1, 7 (500m), 7 min k\u00e4vely\n\t\t<\/p>\n\n\t\t<p class=\"public-transport-text\">\n\t\tBUSSIT:<br\/>\n\t\t59 (170 m), 2 min k\u00e4vely<br\/>\n\t\t70 (300 m), 4 min k\u00e4vely<br\/>\n\t\t500, 510 (500 m), 7 min k\u00e4vely\n\t\t<\/p>\n\n\t\t<p class=\"public-transport-text\">\n\t\tMETRO: S\u00f6rn\u00e4inen (1,3 km), 17 min k\u00e4vely tai raitiovaunu 1 ja 7\n\t\t<\/p>\n\n\t\t<p class=\"public-transport-text\">\n\t\tJUNA: Pasila (1,2 km), 15 min k\u00e4vely tai bussit 500\/510 ja 59\n\t\t<\/p>\n\t<\/div>\n\n<div class=\"public-transport private-transport\">\n\t\t<h4>Yksityinen liikenne<\/h4>\n\n\t\t<p class=\"public-transport-text\">Alueella on runsaasti kadunvarsipys\u00e4k\u00f6intipaikkoja, ja vieress\u00e4 sijaitsee my\u00f6s Aimo Park -pys\u00e4k\u00f6intialue (sis\u00e4\u00e4nk\u00e4ynti Elim\u00e4enkatu 15), jossa on s\u00e4hk\u00f6autojen latausmahdollisuus. Polkupy\u00f6r\u00e4t voi j\u00e4tt\u00e4\u00e4 turvallisesti talon sis\u00e4pihalle.\n\t\t<\/p>\n\t<\/div>\n<\/div>\n<\/div>\n<\/div>\n<\/div>\n\n\n\n<div class=\"wp-block-columns is-layout-flex wp-container-core-columns-is-layout-9d6595d7 wp-block-columns-is-layout-flex\">\n<div class=\"wp-block-column is-layout-flow wp-block-column-is-layout-flow\">\n<p class=\"has-text-align-center billing-detail\"><a href=\"https:\/\/brandkind.fi\/wp-content\/uploads\/2024\/06\/Brandkind_laskutusohje_07052024_EN.pdf\">Lataa<\/a> <br><a href=\"https:\/\/brandkind.fi\/wp-content\/uploads\/2024\/06\/Brandkind_laskutusohje_07052024_EN.pdf\">laskutustiedot<\/a> <br><a href=\"https:\/\/brandkind.fi\/wp-content\/uploads\/2024\/06\/Brandkind_laskutusohje_07052024_EN.pdf\">PDF-tiedostona<\/a><\/p>\n<\/div>\n<\/div>\n\n\n\n<p><\/p>\n","protected":false},"excerpt":{"rendered":"<p>Marja Peltola CEO &amp; new business +358 50 910 9673 marja.peltola@brandkind.fi Niina Pippuri COO &amp; accounts +358 40 773 0412 niina.pippuri@brandkind.fi Marjut V\u00e4\u00e4n\u00e4nen Project Manager +358 40 500 0947 marjut.vaananen@brandkind.fi Marko Mannonen Digital Lead marko.mannonen@brandkind.fi Petri Laine Strategy Lead petri.laine@brandkind.fi Tule k\u00e4ym\u00e4\u00e4n! Elim\u00e4enkatu 15 A, FI-00510 Helsinki, Finland Saavu meille julkisella liikenteell\u00e4 RAITIOVAUNU: Linja 9 [&#8230;]<\/p>\n<p><a class=\"btn btn-secondary understrap-read-more-link\" href=\"https:\/\/brandkind.fi\/fi\/ota-yhteytta\/\">Lue lis\u00e4\u00e4&#8230;<span class=\"screen-reader-text\"> from Ota yhteytt\u00e4<\/span><\/a><\/p>\n","protected":false},"author":1,"featured_media":0,"parent":0,"menu_order":0,"comment_status":"closed","ping_status":"closed","template":"","meta":{"_improvement_type_select":"improve_an_existing","_thumb_yes_seoaic":false,"_frame_yes_seoaic":false,"seoaic_generate_description":"","seoaic_improve_instructions_prompt":"","seoaic_rollback_content_improvement":"","seoaic_idea_thumbnail_generator":"","thumbnail_generated":false,"thumbnail_generate_prompt":"","seoaic_article_description":"","_monsterinsights_skip_tracking":false,"_monsterinsights_sitenote_active":false,"_monsterinsights_sitenote_note":"","_monsterinsights_sitenote_category":0,"footnotes":""},"class_list":["post-4968","page","type-page","status-publish","hentry"],"acf":[],"yoast_head":"<!-- This site is optimized with the Yoast SEO plugin v27.4 - https:\/\/yoast.com\/product\/yoast-seo-wordpress\/ -->\n<title>Ota yhteytt\u00e4 &#8211; Brandkind<\/title>\n<meta name=\"description\" content=\"Ota yhteytt\u00e4, jos sinulla on kysytt\u00e4v\u00e4\u00e4, tarvitset tukea tai haluat lis\u00e4tietoja palveluistamme. Varaa lyhyt puhelu tiimimme j\u00e4senen kanssa tarpeidesi kartoittamiseksi. Olemme t\u00e4\u00e4ll\u00e4 tarjotaksemme r\u00e4\u00e4t\u00e4l\u00f6ityj\u00e4 ratkaisuja ja asiantuntevaa opastusta.\" \/>\n<meta name=\"robots\" content=\"index, follow, max-snippet:-1, max-image-preview:large, max-video-preview:-1\" \/>\n<link rel=\"canonical\" href=\"https:\/\/brandkind.fi\/fi\/ota-yhteytta\/\" \/>\n<meta property=\"og:locale\" content=\"fi_FI\" \/>\n<meta property=\"og:type\" content=\"article\" \/>\n<meta property=\"og:title\" content=\"Ota yhteytt\u00e4 &#8211; Brandkind\" \/>\n<meta property=\"og:description\" content=\"Ota yhteytt\u00e4, jos sinulla on kysytt\u00e4v\u00e4\u00e4, tarvitset tukea tai haluat lis\u00e4tietoja palveluistamme. Varaa lyhyt puhelu tiimimme j\u00e4senen kanssa tarpeidesi kartoittamiseksi. Olemme t\u00e4\u00e4ll\u00e4 tarjotaksemme r\u00e4\u00e4t\u00e4l\u00f6ityj\u00e4 ratkaisuja ja asiantuntevaa opastusta.\" \/>\n<meta property=\"og:url\" content=\"https:\/\/brandkind.fi\/fi\/ota-yhteytta\/\" \/>\n<meta property=\"og:site_name\" content=\"Brandkind\" \/>\n<meta property=\"article:publisher\" content=\"https:\/\/www.facebook.com\/brandkind\/\" \/>\n<meta property=\"article:modified_time\" content=\"2025-04-08T11:27:56+00:00\" \/>\n<meta property=\"og:image\" content=\"https:\/\/brandkind.fi\/wp-content\/uploads\/2024\/09\/BK-Marja-Peltola.jpg\" \/>\n\t<meta property=\"og:image:width\" content=\"500\" \/>\n\t<meta property=\"og:image:height\" content=\"500\" \/>\n\t<meta property=\"og:image:type\" content=\"image\/jpeg\" \/>\n<meta name=\"twitter:card\" content=\"summary_large_image\" \/>\n<meta name=\"twitter:label1\" content=\"Arvioitu lukuaika\" \/>\n\t<meta name=\"twitter:data1\" content=\"3 minuuttia\" \/>\n<script type=\"application\/ld+json\" class=\"yoast-schema-graph\">{\"@context\":\"https:\\\/\\\/schema.org\",\"@graph\":[{\"@type\":\"WebPage\",\"@id\":\"https:\\\/\\\/brandkind.fi\\\/fi\\\/ota-yhteytta\\\/\",\"url\":\"https:\\\/\\\/brandkind.fi\\\/fi\\\/ota-yhteytta\\\/\",\"name\":\"Ota yhteytt\u00e4 &#8211; Brandkind\",\"isPartOf\":{\"@id\":\"https:\\\/\\\/brandkind.fi\\\/#website\"},\"primaryImageOfPage\":{\"@id\":\"https:\\\/\\\/brandkind.fi\\\/fi\\\/ota-yhteytta\\\/#primaryimage\"},\"image\":{\"@id\":\"https:\\\/\\\/brandkind.fi\\\/fi\\\/ota-yhteytta\\\/#primaryimage\"},\"thumbnailUrl\":\"https:\\\/\\\/brandkind.fi\\\/wp-content\\\/uploads\\\/2024\\\/09\\\/BK-Marja-Peltola.jpg\",\"datePublished\":\"2023-11-14T16:13:01+00:00\",\"dateModified\":\"2025-04-08T11:27:56+00:00\",\"description\":\"Ota yhteytt\u00e4, jos sinulla on kysytt\u00e4v\u00e4\u00e4, tarvitset tukea tai haluat lis\u00e4tietoja palveluistamme. Varaa lyhyt puhelu tiimimme j\u00e4senen kanssa tarpeidesi kartoittamiseksi. Olemme t\u00e4\u00e4ll\u00e4 tarjotaksemme r\u00e4\u00e4t\u00e4l\u00f6ityj\u00e4 ratkaisuja ja asiantuntevaa opastusta.\",\"breadcrumb\":{\"@id\":\"https:\\\/\\\/brandkind.fi\\\/fi\\\/ota-yhteytta\\\/#breadcrumb\"},\"inLanguage\":\"fi\",\"potentialAction\":[{\"@type\":\"ReadAction\",\"target\":[\"https:\\\/\\\/brandkind.fi\\\/fi\\\/ota-yhteytta\\\/\"]}]},{\"@type\":\"ImageObject\",\"inLanguage\":\"fi\",\"@id\":\"https:\\\/\\\/brandkind.fi\\\/fi\\\/ota-yhteytta\\\/#primaryimage\",\"url\":\"https:\\\/\\\/brandkind.fi\\\/wp-content\\\/uploads\\\/2024\\\/09\\\/BK-Marja-Peltola.jpg\",\"contentUrl\":\"https:\\\/\\\/brandkind.fi\\\/wp-content\\\/uploads\\\/2024\\\/09\\\/BK-Marja-Peltola.jpg\"},{\"@type\":\"BreadcrumbList\",\"@id\":\"https:\\\/\\\/brandkind.fi\\\/fi\\\/ota-yhteytta\\\/#breadcrumb\",\"itemListElement\":[{\"@type\":\"ListItem\",\"position\":1,\"name\":\"Home\",\"item\":\"https:\\\/\\\/brandkind.fi\\\/fi\\\/\"},{\"@type\":\"ListItem\",\"position\":2,\"name\":\"Ota yhteytt\u00e4\"}]},{\"@type\":\"WebSite\",\"@id\":\"https:\\\/\\\/brandkind.fi\\\/#website\",\"url\":\"https:\\\/\\\/brandkind.fi\\\/\",\"name\":\"Brandkind\",\"description\":\"\",\"publisher\":{\"@id\":\"https:\\\/\\\/brandkind.fi\\\/#organization\"},\"potentialAction\":[{\"@type\":\"SearchAction\",\"target\":{\"@type\":\"EntryPoint\",\"urlTemplate\":\"https:\\\/\\\/brandkind.fi\\\/?s={search_term_string}\"},\"query-input\":{\"@type\":\"PropertyValueSpecification\",\"valueRequired\":true,\"valueName\":\"search_term_string\"}}],\"inLanguage\":\"fi\"},{\"@type\":\"Organization\",\"@id\":\"https:\\\/\\\/brandkind.fi\\\/#organization\",\"name\":\"Brandkind\",\"alternateName\":\"Brandkind\",\"url\":\"https:\\\/\\\/brandkind.fi\\\/\",\"logo\":{\"@type\":\"ImageObject\",\"inLanguage\":\"fi\",\"@id\":\"https:\\\/\\\/brandkind.fi\\\/#\\\/schema\\\/logo\\\/image\\\/\",\"url\":\"https:\\\/\\\/brandkind.fi\\\/wp-content\\\/uploads\\\/2023\\\/11\\\/Brandkind-logo-1.png\",\"contentUrl\":\"https:\\\/\\\/brandkind.fi\\\/wp-content\\\/uploads\\\/2023\\\/11\\\/Brandkind-logo-1.png\",\"width\":1680,\"height\":251,\"caption\":\"Brandkind\"},\"image\":{\"@id\":\"https:\\\/\\\/brandkind.fi\\\/#\\\/schema\\\/logo\\\/image\\\/\"},\"sameAs\":[\"https:\\\/\\\/www.facebook.com\\\/brandkind\\\/\",\"https:\\\/\\\/linkedin.com\\\/company\\\/brandkind\"]}]}<\/script>\n<!-- \/ Yoast SEO plugin. -->","yoast_head_json":{"title":"Ota yhteytt\u00e4 &#8211; Brandkind","description":"Ota yhteytt\u00e4, jos sinulla on kysytt\u00e4v\u00e4\u00e4, tarvitset tukea tai haluat lis\u00e4tietoja palveluistamme. Varaa lyhyt puhelu tiimimme j\u00e4senen kanssa tarpeidesi kartoittamiseksi. Olemme t\u00e4\u00e4ll\u00e4 tarjotaksemme r\u00e4\u00e4t\u00e4l\u00f6ityj\u00e4 ratkaisuja ja asiantuntevaa opastusta.","robots":{"index":"index","follow":"follow","max-snippet":"max-snippet:-1","max-image-preview":"max-image-preview:large","max-video-preview":"max-video-preview:-1"},"canonical":"https:\/\/brandkind.fi\/fi\/ota-yhteytta\/","og_locale":"fi_FI","og_type":"article","og_title":"Ota yhteytt\u00e4 &#8211; Brandkind","og_description":"Ota yhteytt\u00e4, jos sinulla on kysytt\u00e4v\u00e4\u00e4, tarvitset tukea tai haluat lis\u00e4tietoja palveluistamme. Varaa lyhyt puhelu tiimimme j\u00e4senen kanssa tarpeidesi kartoittamiseksi. Olemme t\u00e4\u00e4ll\u00e4 tarjotaksemme r\u00e4\u00e4t\u00e4l\u00f6ityj\u00e4 ratkaisuja ja asiantuntevaa opastusta.","og_url":"https:\/\/brandkind.fi\/fi\/ota-yhteytta\/","og_site_name":"Brandkind","article_publisher":"https:\/\/www.facebook.com\/brandkind\/","article_modified_time":"2025-04-08T11:27:56+00:00","og_image":[{"width":500,"height":500,"url":"https:\/\/brandkind.fi\/wp-content\/uploads\/2024\/09\/BK-Marja-Peltola.jpg","type":"image\/jpeg"}],"twitter_card":"summary_large_image","twitter_misc":{"Arvioitu lukuaika":"3 minuuttia"},"schema":{"@context":"https:\/\/schema.org","@graph":[{"@type":"WebPage","@id":"https:\/\/brandkind.fi\/fi\/ota-yhteytta\/","url":"https:\/\/brandkind.fi\/fi\/ota-yhteytta\/","name":"Ota yhteytt\u00e4 &#8211; Brandkind","isPartOf":{"@id":"https:\/\/brandkind.fi\/#website"},"primaryImageOfPage":{"@id":"https:\/\/brandkind.fi\/fi\/ota-yhteytta\/#primaryimage"},"image":{"@id":"https:\/\/brandkind.fi\/fi\/ota-yhteytta\/#primaryimage"},"thumbnailUrl":"https:\/\/brandkind.fi\/wp-content\/uploads\/2024\/09\/BK-Marja-Peltola.jpg","datePublished":"2023-11-14T16:13:01+00:00","dateModified":"2025-04-08T11:27:56+00:00","description":"Ota yhteytt\u00e4, jos sinulla on kysytt\u00e4v\u00e4\u00e4, tarvitset tukea tai haluat lis\u00e4tietoja palveluistamme. Varaa lyhyt puhelu tiimimme j\u00e4senen kanssa tarpeidesi kartoittamiseksi. Olemme t\u00e4\u00e4ll\u00e4 tarjotaksemme r\u00e4\u00e4t\u00e4l\u00f6ityj\u00e4 ratkaisuja ja asiantuntevaa opastusta.","breadcrumb":{"@id":"https:\/\/brandkind.fi\/fi\/ota-yhteytta\/#breadcrumb"},"inLanguage":"fi","potentialAction":[{"@type":"ReadAction","target":["https:\/\/brandkind.fi\/fi\/ota-yhteytta\/"]}]},{"@type":"ImageObject","inLanguage":"fi","@id":"https:\/\/brandkind.fi\/fi\/ota-yhteytta\/#primaryimage","url":"https:\/\/brandkind.fi\/wp-content\/uploads\/2024\/09\/BK-Marja-Peltola.jpg","contentUrl":"https:\/\/brandkind.fi\/wp-content\/uploads\/2024\/09\/BK-Marja-Peltola.jpg"},{"@type":"BreadcrumbList","@id":"https:\/\/brandkind.fi\/fi\/ota-yhteytta\/#breadcrumb","itemListElement":[{"@type":"ListItem","position":1,"name":"Home","item":"https:\/\/brandkind.fi\/fi\/"},{"@type":"ListItem","position":2,"name":"Ota yhteytt\u00e4"}]},{"@type":"WebSite","@id":"https:\/\/brandkind.fi\/#website","url":"https:\/\/brandkind.fi\/","name":"Brandkind","description":"","publisher":{"@id":"https:\/\/brandkind.fi\/#organization"},"potentialAction":[{"@type":"SearchAction","target":{"@type":"EntryPoint","urlTemplate":"https:\/\/brandkind.fi\/?s={search_term_string}"},"query-input":{"@type":"PropertyValueSpecification","valueRequired":true,"valueName":"search_term_string"}}],"inLanguage":"fi"},{"@type":"Organization","@id":"https:\/\/brandkind.fi\/#organization","name":"Brandkind","alternateName":"Brandkind","url":"https:\/\/brandkind.fi\/","logo":{"@type":"ImageObject","inLanguage":"fi","@id":"https:\/\/brandkind.fi\/#\/schema\/logo\/image\/","url":"https:\/\/brandkind.fi\/wp-content\/uploads\/2023\/11\/Brandkind-logo-1.png","contentUrl":"https:\/\/brandkind.fi\/wp-content\/uploads\/2023\/11\/Brandkind-logo-1.png","width":1680,"height":251,"caption":"Brandkind"},"image":{"@id":"https:\/\/brandkind.fi\/#\/schema\/logo\/image\/"},"sameAs":["https:\/\/www.facebook.com\/brandkind\/","https:\/\/linkedin.com\/company\/brandkind"]}]}},"_links":{"self":[{"href":"https:\/\/brandkind.fi\/fi\/wp-json\/wp\/v2\/pages\/4968","targetHints":{"allow":["GET"]}}],"collection":[{"href":"https:\/\/brandkind.fi\/fi\/wp-json\/wp\/v2\/pages"}],"about":[{"href":"https:\/\/brandkind.fi\/fi\/wp-json\/wp\/v2\/types\/page"}],"author":[{"embeddable":true,"href":"https:\/\/brandkind.fi\/fi\/wp-json\/wp\/v2\/users\/1"}],"replies":[{"embeddable":true,"href":"https:\/\/brandkind.fi\/fi\/wp-json\/wp\/v2\/comments?post=4968"}],"version-history":[{"count":14,"href":"https:\/\/brandkind.fi\/fi\/wp-json\/wp\/v2\/pages\/4968\/revisions"}],"predecessor-version":[{"id":5789,"href":"https:\/\/brandkind.fi\/fi\/wp-json\/wp\/v2\/pages\/4968\/revisions\/5789"}],"wp:attachment":[{"href":"https:\/\/brandkind.fi\/fi\/wp-json\/wp\/v2\/media?parent=4968"}],"curies":[{"name":"wp","href":"https:\/\/api.w.org\/{rel}","templated":true}]}}